{"id":268,"date":"2016-12-15T19:57:22","date_gmt":"2016-12-15T19:57:22","guid":{"rendered":"http:\/\/www.a-zpaperwork.eu\/?page_id=268"},"modified":"2020-10-21T17:44:03","modified_gmt":"2020-10-21T16:44:03","slug":"quienes-somos","status":"publish","type":"page","link":"https:\/\/www.a-zpaperwork.eu\/es\/quienes-somos\/","title":{"rendered":"Quienes Somos"},"content":{"rendered":"<h1>Qui\u00e9nes somos<\/h1>\n<p><strong>\u00a0A-Z Paperwork<\/strong>, fundada en 2002, con m\u00e1s de 18 a\u00f1os de experiencia en la b\u00fasqueda de soluciones para personas que vienen a Espa\u00f1a, tiene miles de clientes satisfechos cuyas necesidades van desde la solicitud de NIE, \u00a0hasta un expediente de residencia para toda la familia o los tr\u00e1mites relacionados con la compraventa de una propiedad.<\/p>\n<p>&nbsp;<\/p>\n<p>En <strong>A-Z Paperwork<\/strong>, nuestros profesionales se comunican en ingl\u00e9s, franc\u00e9s, alem\u00e1n y espa\u00f1ol, haciendo m\u00e1s fluida la interacci\u00f3n con nuestros clientes. Para nosotros es muy importante la confidencialidad y la transparencia en nuestras gestiones es la raz\u00f3n por la que hemos logrado la confianza y seguridad de todos nuestros clientes.<\/p>\n<h4 style=\"text-align: center;\">\u00bfTienes alguna pregunta? Env\u00edanos un mensaje<\/h4>\n","protected":false},"excerpt":{"rendered":"<p>Qui\u00e9nes somos \u00a0A-Z Paperwork, fundada en 2002, con m\u00e1s de 18 a\u00f1os de experiencia en la b\u00fasqueda de soluciones para personas que vienen a Espa\u00f1a, tiene miles de clientes satisfechos cuyas necesidades van desde la solicitud de NIE, \u00a0hasta un expediente de residencia para toda la familia o los tr\u00e1mites relacionados con la compraventa de&hellip;<\/p>\n","protected":false},"author":2,"featured_media":0,"parent":0,"menu_order":0,"comment_status":"closed","ping_status":"closed","template":"","meta":{"_monsterinsights_skip_tracking":false,"_monsterinsights_sitenote_active":false,"_monsterinsights_sitenote_note":"","_monsterinsights_sitenote_category":0,"footnotes":""},"class_list":["post-268","page","type-page","status-publish","hentry"],"yoast_head":"<!-- This site is optimized with the Yoast SEO plugin v21.8.1 - https:\/\/yoast.com\/wordpress\/plugins\/seo\/ -->\n<title>Quienes Somos | Asesor\u00eda Fiscal Integral | Alicante<\/title>\n<meta name=\"description\" content=\"Con\u00f3cenos. A-Z Paperwork, asesor\u00eda fiscal integral en Alicante. Resolvemos tu papeleo, para que tu puedas dedicarte a lo que m\u00e1s te importa.\" \/>\n<meta name=\"robots\" content=\"index, follow, max-snippet:-1, max-image-preview:large, max-video-preview:-1\" \/>\n<link rel=\"canonical\" href=\"https:\/\/www.a-zpaperwork.eu\/es\/quienes-somos\/\" \/>\n<meta property=\"og:locale\" content=\"es_ES\" \/>\n<meta property=\"og:type\" content=\"article\" \/>\n<meta property=\"og:title\" content=\"Quienes Somos | Asesor\u00eda Fiscal Integral | Alicante\" \/>\n<meta property=\"og:description\" content=\"Con\u00f3cenos. A-Z Paperwork, asesor\u00eda fiscal integral en Alicante. Resolvemos tu papeleo, para que tu puedas dedicarte a lo que m\u00e1s te importa.\" \/>\n<meta property=\"og:url\" content=\"https:\/\/www.a-zpaperwork.eu\/es\/quienes-somos\/\" \/>\n<meta property=\"og:site_name\" content=\"A-Z Paperwork\" \/>\n<meta property=\"article:modified_time\" content=\"2020-10-21T16:44:03+00:00\" \/>\n<meta name=\"twitter:card\" content=\"summary_large_image\" \/>\n<meta name=\"twitter:label1\" content=\"Tiempo de lectura\" \/>\n\t<meta name=\"twitter:data1\" content=\"1 minuto\" \/>\n<script type=\"application\/ld+json\" class=\"yoast-schema-graph\">{\"@context\":\"https:\/\/schema.org\",\"@graph\":[{\"@type\":\"WebPage\",\"@id\":\"https:\/\/www.a-zpaperwork.eu\/es\/quienes-somos\/\",\"url\":\"https:\/\/www.a-zpaperwork.eu\/es\/quienes-somos\/\",\"name\":\"Quienes Somos | Asesor\u00eda Fiscal Integral | Alicante\",\"isPartOf\":{\"@id\":\"https:\/\/www.a-zpaperwork.eu\/#website\"},\"datePublished\":\"2016-12-15T19:57:22+00:00\",\"dateModified\":\"2020-10-21T16:44:03+00:00\",\"description\":\"Con\u00f3cenos. A-Z Paperwork, asesor\u00eda fiscal integral en Alicante. Resolvemos tu papeleo, para que tu puedas dedicarte a lo que m\u00e1s te importa.\",\"breadcrumb\":{\"@id\":\"https:\/\/www.a-zpaperwork.eu\/es\/quienes-somos\/#breadcrumb\"},\"inLanguage\":\"es\",\"potentialAction\":[{\"@type\":\"ReadAction\",\"target\":[\"https:\/\/www.a-zpaperwork.eu\/es\/quienes-somos\/\"]}]},{\"@type\":\"BreadcrumbList\",\"@id\":\"https:\/\/www.a-zpaperwork.eu\/es\/quienes-somos\/#breadcrumb\",\"itemListElement\":[{\"@type\":\"ListItem\",\"position\":1,\"name\":\"Home\",\"item\":\"https:\/\/www.a-zpaperwork.eu\/es\/\"},{\"@type\":\"ListItem\",\"position\":2,\"name\":\"Quienes Somos\"}]},{\"@type\":\"WebSite\",\"@id\":\"https:\/\/www.a-zpaperwork.eu\/#website\",\"url\":\"https:\/\/www.a-zpaperwork.eu\/\",\"name\":\"A-Z Paperwork\",\"description\":\"Asesores | Advisors | Alicante\",\"potentialAction\":[{\"@type\":\"SearchAction\",\"target\":{\"@type\":\"EntryPoint\",\"urlTemplate\":\"https:\/\/www.a-zpaperwork.eu\/?s={search_term_string}\"},\"query-input\":\"required name=search_term_string\"}],\"inLanguage\":\"es\"}]}<\/script>\n<!-- \/ Yoast SEO plugin. -->","yoast_head_json":{"title":"Quienes Somos | Asesor\u00eda Fiscal Integral | Alicante","description":"Con\u00f3cenos. A-Z Paperwork, asesor\u00eda fiscal integral en Alicante. Resolvemos tu papeleo, para que tu puedas dedicarte a lo que m\u00e1s te importa.","robots":{"index":"index","follow":"follow","max-snippet":"max-snippet:-1","max-image-preview":"max-image-preview:large","max-video-preview":"max-video-preview:-1"},"canonical":"https:\/\/www.a-zpaperwork.eu\/es\/quienes-somos\/","og_locale":"es_ES","og_type":"article","og_title":"Quienes Somos | Asesor\u00eda Fiscal Integral | Alicante","og_description":"Con\u00f3cenos. A-Z Paperwork, asesor\u00eda fiscal integral en Alicante. Resolvemos tu papeleo, para que tu puedas dedicarte a lo que m\u00e1s te importa.","og_url":"https:\/\/www.a-zpaperwork.eu\/es\/quienes-somos\/","og_site_name":"A-Z Paperwork","article_modified_time":"2020-10-21T16:44:03+00:00","twitter_card":"summary_large_image","twitter_misc":{"Tiempo de lectura":"1 minuto"},"schema":{"@context":"https:\/\/schema.org","@graph":[{"@type":"WebPage","@id":"https:\/\/www.a-zpaperwork.eu\/es\/quienes-somos\/","url":"https:\/\/www.a-zpaperwork.eu\/es\/quienes-somos\/","name":"Quienes Somos | Asesor\u00eda Fiscal Integral | Alicante","isPartOf":{"@id":"https:\/\/www.a-zpaperwork.eu\/#website"},"datePublished":"2016-12-15T19:57:22+00:00","dateModified":"2020-10-21T16:44:03+00:00","description":"Con\u00f3cenos. A-Z Paperwork, asesor\u00eda fiscal integral en Alicante. Resolvemos tu papeleo, para que tu puedas dedicarte a lo que m\u00e1s te importa.","breadcrumb":{"@id":"https:\/\/www.a-zpaperwork.eu\/es\/quienes-somos\/#breadcrumb"},"inLanguage":"es","potentialAction":[{"@type":"ReadAction","target":["https:\/\/www.a-zpaperwork.eu\/es\/quienes-somos\/"]}]},{"@type":"BreadcrumbList","@id":"https:\/\/www.a-zpaperwork.eu\/es\/quienes-somos\/#breadcrumb","itemListElement":[{"@type":"ListItem","position":1,"name":"Home","item":"https:\/\/www.a-zpaperwork.eu\/es\/"},{"@type":"ListItem","position":2,"name":"Quienes Somos"}]},{"@type":"WebSite","@id":"https:\/\/www.a-zpaperwork.eu\/#website","url":"https:\/\/www.a-zpaperwork.eu\/","name":"A-Z Paperwork","description":"Asesores | Advisors | Alicante","potentialAction":[{"@type":"SearchAction","target":{"@type":"EntryPoint","urlTemplate":"https:\/\/www.a-zpaperwork.eu\/?s={search_term_string}"},"query-input":"required name=search_term_string"}],"inLanguage":"es"}]}},"_links":{"self":[{"href":"https:\/\/www.a-zpaperwork.eu\/es\/wp-json\/wp\/v2\/pages\/268","targetHints":{"allow":["GET"]}}],"collection":[{"href":"https:\/\/www.a-zpaperwork.eu\/es\/wp-json\/wp\/v2\/pages"}],"about":[{"href":"https:\/\/www.a-zpaperwork.eu\/es\/wp-json\/wp\/v2\/types\/page"}],"author":[{"embeddable":true,"href":"https:\/\/www.a-zpaperwork.eu\/es\/wp-json\/wp\/v2\/users\/2"}],"replies":[{"embeddable":true,"href":"https:\/\/www.a-zpaperwork.eu\/es\/wp-json\/wp\/v2\/comments?post=268"}],"version-history":[{"count":11,"href":"https:\/\/www.a-zpaperwork.eu\/es\/wp-json\/wp\/v2\/pages\/268\/revisions"}],"predecessor-version":[{"id":436,"href":"https:\/\/www.a-zpaperwork.eu\/es\/wp-json\/wp\/v2\/pages\/268\/revisions\/436"}],"wp:attachment":[{"href":"https:\/\/www.a-zpaperwork.eu\/es\/wp-json\/wp\/v2\/media?parent=268"}],"curies":[{"name":"wp","href":"https:\/\/api.w.org\/{rel}","templated":true}]}}