{"id":32,"date":"2016-11-04T17:09:50","date_gmt":"2016-11-04T17:09:50","guid":{"rendered":"http:\/\/www.a-zpaperwork.eu\/?page_id=32"},"modified":"2017-11-19T18:17:03","modified_gmt":"2017-11-19T17:17:03","slug":"traductor-jurado","status":"publish","type":"page","link":"https:\/\/www.a-zpaperwork.eu\/es\/traductor-jurado\/","title":{"rendered":"Traductores Jurados"},"content":{"rendered":"<h1>Servicios de traducci\u00f3n jurada<\/h1>\n<p>El equipo de <strong>A-Z Paperwork<\/strong> est\u00e1 tambi\u00e9n a tu servicio para proporcionarte los <strong>servicios de traducci\u00f3n jurada <\/strong>en cualquier idioma que necesites. La traducci\u00f3n y certificaci\u00f3n de <strong>documentos oficiales<\/strong> puede llegar a consumir mucho tiempo. En <strong>A-Z Paperwork<\/strong> queremos poner a tu disposici\u00f3n nuestro equipo para que ayudarte a resolver todo tu papeleo de una forma r\u00e1pida y 100% profesional. Mientras t\u00fa dedicas tu tiempo a las cosas que realmente te interesan.<\/p>\n<p>Tenemos una larga y dilatada <strong>experiencia<\/strong>, y conocemos todos los errores o fallos m\u00e1s frecuentes que se cometen cuando se trata de <strong>certificar la validez de documentos traducidos<\/strong>. Todo lo que necesitas es dejar es enviarnos la documentaci\u00f3n, decidir el idioma en el cual necesitas la traducci\u00f3n y especificarnos el <strong>nivel de certificaci\u00f3n<\/strong> que necesitas. Todo lo dem\u00e1s es un trabajo que puedes dejar en manos de nuestros profesionales. Nosotros nos haremos cargo del proceso de principio a fin. Asimismo, si no est\u00e1s seguro de que tipo de certificaci\u00f3n necesitas en tu caso, podremos <strong>aconsejarte<\/strong> en el proceso.<\/p>\n<p><img loading=\"lazy\" decoding=\"async\" src=\"http:\/\/www.a-zpaperwork.eu\/wp-content\/uploads\/2016\/11\/servicios-traducciones-juradas-azpaperworj.jpg\" alt=\"servicios-traducciones-juradas-azpaperworj\" width=\"750\" height=\"422\" \/><\/p>\n<h2>\u00bfQu\u00e9 es un traductor jurado?<\/h2>\n<p>Un traductor jurado es el profesional que puede realizar traducciones de documentos oficiales que cuentan con un certificado de exactitud que los hace <strong>v\u00e1lidos para su uso en organismos oficiales de la administraci\u00f3n p\u00fablica<\/strong>, como por ejemplo los <strong>documentos con apostilla<\/strong>. La traducci\u00f3n jurada de un documento apostillado te posibilitar\u00e1 utilizar este documento en otros pa\u00edses, y en los organismos oficiales de estos pa\u00edses.<\/p>\n<p>Organismos tales como el <strong>Ministerio de Asuntos Exteriores y Cooperaci\u00f3n<\/strong>, o las <strong>embajadas internacionales<\/strong> requieren de distintos tipos de certificados cuando de traducciones se trata. En <strong>A-Z Paperwork<\/strong> podemos proveerte con traducciones e interpretaciones juradas que se adaptan a todos los tipos de requisitos legales de estos organismos.<\/p>\n<p>Adem\u00e1s, gracias a la experiencia del equipo de <strong>A-Z Papework<\/strong> y sus colaboradores, estamos preparados para asesorarte en relaci\u00f3n a que certificaci\u00f3n necesitas tramitar en cada caso.<\/p>\n<h2>Honorarios de traductores jurados<\/h2>\n<p>Ponte en contacto con nosotros a trav\u00e9s de nuestro <strong>formulario de contacto o env\u00edanos un email<\/strong> si deseas adjuntar alg\u00fan documento, especific\u00e1ndonos cu\u00e1l es el idioma en el cual necesitas la traducci\u00f3n y cu\u00e1l es el <strong>plazo de tiempo<\/strong> en el cual necesitas la traducci\u00f3n.<\/p>\n<p>Nuestro equipo se pondr\u00e1 r\u00e1pidamente en contacto contigo para hablar sobre tu solicitud y asegurarnos de que est\u00e1s optando por la certificaci\u00f3n correcta que necesitas, en el menor tiempo posible. \u00a0Tras este paso, te enviaremos un <strong>presupuesto<\/strong> que contempla los <strong>honorarios<\/strong> por los servicios que precisas. Una vez hayas aceptado el presupuesto nosotros nos encargamos de todo lo dem\u00e1s.<\/p>\n<p>No lo dudes m\u00e1s, y contacta hoy <strong>con A-Z Paperwork<\/strong>. Y consigue la traducci\u00f3n y certificaci\u00f3n de tus documentos oficiales en otros idiomas, con validez para otros pa\u00edses.<\/p>\n<h4 style=\"text-align: center;\">\u00bfTienes alguna pregunta? Env\u00edanos un mensaje<\/h4>\n","protected":false},"excerpt":{"rendered":"<p>Servicios de traducci\u00f3n jurada El equipo de A-Z Paperwork est\u00e1 tambi\u00e9n a tu servicio para proporcionarte los servicios de traducci\u00f3n jurada en cualquier idioma que necesites. La traducci\u00f3n y certificaci\u00f3n de documentos oficiales puede llegar a consumir mucho tiempo. En A-Z Paperwork queremos poner a tu disposici\u00f3n nuestro equipo para que ayudarte a resolver todo&hellip;<\/p>\n","protected":false},"author":2,"featured_media":0,"parent":0,"menu_order":0,"comment_status":"closed","ping_status":"closed","template":"","meta":{"_monsterinsights_skip_tracking":false,"_monsterinsights_sitenote_active":false,"_monsterinsights_sitenote_note":"","_monsterinsights_sitenote_category":0,"footnotes":""},"class_list":["post-32","page","type-page","status-publish","hentry"],"yoast_head":"<!-- This site is optimized with the Yoast SEO plugin v21.8.1 - https:\/\/yoast.com\/wordpress\/plugins\/seo\/ -->\n<title>Traductores Jurados | ES-EN-FR-DE | Alicante<\/title>\n<meta name=\"description\" content=\"El equipo de A-Z Paperwork est\u00e1 a tu servicio para proporcionarte los servicios de traducci\u00f3n jurada en cualquier idioma que necesites. Traductores Jurados\" \/>\n<meta name=\"robots\" content=\"index, follow, max-snippet:-1, max-image-preview:large, max-video-preview:-1\" \/>\n<link rel=\"canonical\" href=\"https:\/\/www.a-zpaperwork.eu\/es\/traductor-jurado\/\" \/>\n<meta property=\"og:locale\" content=\"es_ES\" \/>\n<meta property=\"og:type\" content=\"article\" \/>\n<meta property=\"og:title\" content=\"Traductores Jurados | ES-EN-FR-DE | Alicante\" \/>\n<meta property=\"og:description\" content=\"El equipo de A-Z Paperwork est\u00e1 a tu servicio para proporcionarte los servicios de traducci\u00f3n jurada en cualquier idioma que necesites. Traductores Jurados\" \/>\n<meta property=\"og:url\" content=\"https:\/\/www.a-zpaperwork.eu\/es\/traductor-jurado\/\" \/>\n<meta property=\"og:site_name\" content=\"A-Z Paperwork\" \/>\n<meta property=\"article:modified_time\" content=\"2017-11-19T17:17:03+00:00\" \/>\n<meta property=\"og:image\" content=\"http:\/\/www.a-zpaperwork.eu\/wp-content\/uploads\/2016\/11\/servicios-traducciones-juradas-azpaperworj.jpg\" \/>\n<meta name=\"twitter:card\" content=\"summary_large_image\" \/>\n<meta name=\"twitter:label1\" content=\"Tiempo de lectura\" \/>\n\t<meta name=\"twitter:data1\" content=\"3 minutos\" \/>\n<script type=\"application\/ld+json\" class=\"yoast-schema-graph\">{\"@context\":\"https:\/\/schema.org\",\"@graph\":[{\"@type\":\"WebPage\",\"@id\":\"https:\/\/www.a-zpaperwork.eu\/es\/traductor-jurado\/\",\"url\":\"https:\/\/www.a-zpaperwork.eu\/es\/traductor-jurado\/\",\"name\":\"Traductores Jurados | ES-EN-FR-DE | Alicante\",\"isPartOf\":{\"@id\":\"https:\/\/www.a-zpaperwork.eu\/#website\"},\"datePublished\":\"2016-11-04T17:09:50+00:00\",\"dateModified\":\"2017-11-19T17:17:03+00:00\",\"description\":\"El equipo de A-Z Paperwork est\u00e1 a tu servicio para proporcionarte los servicios de traducci\u00f3n jurada en cualquier idioma que necesites. Traductores Jurados\",\"breadcrumb\":{\"@id\":\"https:\/\/www.a-zpaperwork.eu\/es\/traductor-jurado\/#breadcrumb\"},\"inLanguage\":\"es\",\"potentialAction\":[{\"@type\":\"ReadAction\",\"target\":[\"https:\/\/www.a-zpaperwork.eu\/es\/traductor-jurado\/\"]}]},{\"@type\":\"BreadcrumbList\",\"@id\":\"https:\/\/www.a-zpaperwork.eu\/es\/traductor-jurado\/#breadcrumb\",\"itemListElement\":[{\"@type\":\"ListItem\",\"position\":1,\"name\":\"Home\",\"item\":\"https:\/\/www.a-zpaperwork.eu\/es\/\"},{\"@type\":\"ListItem\",\"position\":2,\"name\":\"Traductores Jurados\"}]},{\"@type\":\"WebSite\",\"@id\":\"https:\/\/www.a-zpaperwork.eu\/#website\",\"url\":\"https:\/\/www.a-zpaperwork.eu\/\",\"name\":\"A-Z Paperwork\",\"description\":\"Asesores | Advisors | Alicante\",\"potentialAction\":[{\"@type\":\"SearchAction\",\"target\":{\"@type\":\"EntryPoint\",\"urlTemplate\":\"https:\/\/www.a-zpaperwork.eu\/?s={search_term_string}\"},\"query-input\":\"required name=search_term_string\"}],\"inLanguage\":\"es\"}]}<\/script>\n<!-- \/ Yoast SEO plugin. -->","yoast_head_json":{"title":"Traductores Jurados | ES-EN-FR-DE | Alicante","description":"El equipo de A-Z Paperwork est\u00e1 a tu servicio para proporcionarte los servicios de traducci\u00f3n jurada en cualquier idioma que necesites. Traductores Jurados","robots":{"index":"index","follow":"follow","max-snippet":"max-snippet:-1","max-image-preview":"max-image-preview:large","max-video-preview":"max-video-preview:-1"},"canonical":"https:\/\/www.a-zpaperwork.eu\/es\/traductor-jurado\/","og_locale":"es_ES","og_type":"article","og_title":"Traductores Jurados | ES-EN-FR-DE | Alicante","og_description":"El equipo de A-Z Paperwork est\u00e1 a tu servicio para proporcionarte los servicios de traducci\u00f3n jurada en cualquier idioma que necesites. Traductores Jurados","og_url":"https:\/\/www.a-zpaperwork.eu\/es\/traductor-jurado\/","og_site_name":"A-Z Paperwork","article_modified_time":"2017-11-19T17:17:03+00:00","og_image":[{"url":"http:\/\/www.a-zpaperwork.eu\/wp-content\/uploads\/2016\/11\/servicios-traducciones-juradas-azpaperworj.jpg"}],"twitter_card":"summary_large_image","twitter_misc":{"Tiempo de lectura":"3 minutos"},"schema":{"@context":"https:\/\/schema.org","@graph":[{"@type":"WebPage","@id":"https:\/\/www.a-zpaperwork.eu\/es\/traductor-jurado\/","url":"https:\/\/www.a-zpaperwork.eu\/es\/traductor-jurado\/","name":"Traductores Jurados | ES-EN-FR-DE | Alicante","isPartOf":{"@id":"https:\/\/www.a-zpaperwork.eu\/#website"},"datePublished":"2016-11-04T17:09:50+00:00","dateModified":"2017-11-19T17:17:03+00:00","description":"El equipo de A-Z Paperwork est\u00e1 a tu servicio para proporcionarte los servicios de traducci\u00f3n jurada en cualquier idioma que necesites. Traductores Jurados","breadcrumb":{"@id":"https:\/\/www.a-zpaperwork.eu\/es\/traductor-jurado\/#breadcrumb"},"inLanguage":"es","potentialAction":[{"@type":"ReadAction","target":["https:\/\/www.a-zpaperwork.eu\/es\/traductor-jurado\/"]}]},{"@type":"BreadcrumbList","@id":"https:\/\/www.a-zpaperwork.eu\/es\/traductor-jurado\/#breadcrumb","itemListElement":[{"@type":"ListItem","position":1,"name":"Home","item":"https:\/\/www.a-zpaperwork.eu\/es\/"},{"@type":"ListItem","position":2,"name":"Traductores Jurados"}]},{"@type":"WebSite","@id":"https:\/\/www.a-zpaperwork.eu\/#website","url":"https:\/\/www.a-zpaperwork.eu\/","name":"A-Z Paperwork","description":"Asesores | Advisors | Alicante","potentialAction":[{"@type":"SearchAction","target":{"@type":"EntryPoint","urlTemplate":"https:\/\/www.a-zpaperwork.eu\/?s={search_term_string}"},"query-input":"required name=search_term_string"}],"inLanguage":"es"}]}},"_links":{"self":[{"href":"https:\/\/www.a-zpaperwork.eu\/es\/wp-json\/wp\/v2\/pages\/32","targetHints":{"allow":["GET"]}}],"collection":[{"href":"https:\/\/www.a-zpaperwork.eu\/es\/wp-json\/wp\/v2\/pages"}],"about":[{"href":"https:\/\/www.a-zpaperwork.eu\/es\/wp-json\/wp\/v2\/types\/page"}],"author":[{"embeddable":true,"href":"https:\/\/www.a-zpaperwork.eu\/es\/wp-json\/wp\/v2\/users\/2"}],"replies":[{"embeddable":true,"href":"https:\/\/www.a-zpaperwork.eu\/es\/wp-json\/wp\/v2\/comments?post=32"}],"version-history":[{"count":10,"href":"https:\/\/www.a-zpaperwork.eu\/es\/wp-json\/wp\/v2\/pages\/32\/revisions"}],"predecessor-version":[{"id":392,"href":"https:\/\/www.a-zpaperwork.eu\/es\/wp-json\/wp\/v2\/pages\/32\/revisions\/392"}],"wp:attachment":[{"href":"https:\/\/www.a-zpaperwork.eu\/es\/wp-json\/wp\/v2\/media?parent=32"}],"curies":[{"name":"wp","href":"https:\/\/api.w.org\/{rel}","templated":true}]}}