{"id":35,"date":"2016-11-04T17:15:20","date_gmt":"2016-11-04T17:15:20","guid":{"rendered":"http:\/\/www.a-zpaperwork.eu\/?page_id=35"},"modified":"2017-11-19T18:14:11","modified_gmt":"2017-11-19T17:14:11","slug":"golden-visa","status":"publish","type":"page","link":"https:\/\/www.a-zpaperwork.eu\/es\/golden-visa\/","title":{"rendered":"Golden Visa | Gestor\u00eda Visado de Residencia de Oro | Inversores | Movilidad Internacional"},"content":{"rendered":"<h1>Tramitaci\u00f3n de la Golden Visa<\/h1>\n<p>En A<strong>-Z Paperwork<\/strong> podemos ayudarte con los tr\u00e1mites para la <strong>obtenci\u00f3n del Visado o Permiso de Residencia <\/strong>como ciudadano procedente de fuera de la Uni\u00f3n Europea. En A-Z Paperwork somos <strong>expertos en movilidad internacional<\/strong> y tus mejores compa\u00f1eros para el papeleo y los tr\u00e1mites de las <strong>inversiones en Espa\u00f1a<\/strong>.<\/p>\n<p><img loading=\"lazy\" decoding=\"async\" src=\"http:\/\/www.a-zpaperwork.eu\/wp-content\/uploads\/2016\/11\/servicios-golden-visa-azpaperwork.jpg\" alt=\"servicios-golden-visa-azpaperwork\" width=\"750\" height=\"499\" \/><\/p>\n<h2>\u00bfQu\u00e9 es el Visado de Residencia Oro o <em>Golden Visa<\/em>?<\/h2>\n<p>La <strong>Ley 14\/2013<\/strong>, aprobada el 27 de septiembre de 2013, permite la posibilidad de obtener visados y permisos de residencia para <strong>inversores de fuera de la Uni\u00f3n Europea<\/strong>.<\/p>\n<p>Como poseedor de una Golden Visa tendr\u00e1s la oportunidad de <strong>disfrutar de la vida en Espa\u00f1a<\/strong> durante un periodo m\u00ednimo de <strong>1 a\u00f1o y m\u00e1ximo de 5 a\u00f1os<\/strong>, periodo tras podr\u00e1s obtener la <strong>residencia permanente<\/strong>, o incluso la <strong>nacionalidad Espa\u00f1ola<\/strong>, si se cumplen los <strong>requisitos<\/strong> legales necesarios, como haber estado viviendo en Espa\u00f1a durante m\u00e1s de seis meses consecutivos cada a\u00f1o.<\/p>\n<p>Adem\u00e1s, con tu <strong>Golden Visa<\/strong> <strong>podr\u00e1s viajar libremente por los pa\u00edses de la zona Schengen<\/strong> por periodos de 90 d\u00edas cada 180 d\u00edas, una zona que comprende <strong>26 pa\u00edses europeos<\/strong> (Austria, B\u00e9lgica, Rep\u00fablica Checa, Dinamarca, Estonia, Finlandia, Francia, Alemania, Grecia, Hungr\u00eda, Islandia, Italia, Liechtenstein, Lituania, Luxemburgo, Malta, los Pa\u00edses Bajos, Noruega, Polonia, Portugal, Espa\u00f1a, Eslovaquia, Eslovenia, Suecia y Suiza) que han <strong>eliminado los pasaportes<\/strong> y <strong>controles de inmigraci\u00f3n<\/strong> de sus fronteras comunes.<\/p>\n<p>Es posible obtener un visado de <strong>6 meses<\/strong>, incluso <strong>antes de haber formalizado la compra<\/strong> de tu viviendo, desde el mismo momento en el que firmes un <strong>contrato de arras<\/strong>.<\/p>\n<p>Durante el periodo de <strong>tiempo que dure<\/strong> <strong>la gesti\u00f3n de la Golden Visa<\/strong>, tanto si es debido a una primera solicitud, o a la solicitud de una <strong>pr\u00f3rroga<\/strong>, podr\u00e1s empezar a disfrutar o continuar disfrutando de tu residencia en Espa\u00f1a <strong>hasta que se resuelva el procedimiento<\/strong>.<\/p>\n<h2>\u00bfCu\u00e1les son los requisitos?<\/h2>\n<p>Para obtener el visado es necesario comprar una vivienda de un valor de al menos 500.000 euros (impuestos aparte), invertir dos millones de euros en deuda p\u00fablica, un mill\u00f3n de euros en acciones o el impulso de otros proyectos empresariales. No es necesario vivir en Espa\u00f1a para poder tramitarla. Otros requisitos son:<\/p>\n<ul>\n<li>No haber <strong>accedido o permanecido en Espa\u00f1a de forma ilegal<\/strong>.<\/li>\n<li>No haber sido <strong>denegada la entrada<\/strong> en alg\u00fan pa\u00eds de la zona Schengen.<\/li>\n<li>Ser ciudadano <strong>extracomunitario<\/strong> (procedente de fuera de la Uni\u00f3n Europea)<\/li>\n<li>Tener la <strong>mayor\u00eda de edad<\/strong> (al menos 18 a\u00f1os).<\/li>\n<li>Carecer de <strong>antecedentes penales<\/strong> en Espa\u00f1a.<\/li>\n<li>La suscripci\u00f3n un <strong>seguro m\u00e9dico<\/strong> p\u00fablico o privado v\u00e1lido en Espa\u00f1a.<\/li>\n<li>Que el solicitante disponga de suficientes de <strong>recursos econ\u00f3micos<\/strong> para mantenerse a \u00e9l y a su familia en Espa\u00f1a.<\/li>\n<\/ul>\n<h2>Otros datos de inter\u00e9s sobre la Golden Visa<\/h2>\n<p>\u00bfSirve para toda mi familia? La Golden Visa se extiende a otros <strong>miembros de tu familia<\/strong> como tu <strong>marido<\/strong> o <strong>esposa<\/strong>, as\u00ed como aquellos <strong>hijos menores de 18<\/strong> a\u00f1os o hijos dependientes.<\/p>\n<p>\u00bfPuedo trabajar? Este visado de permitir\u00e1 vivir en Espa\u00f1a, para poder <strong>trabajar en Espa\u00f1a<\/strong> necesitas solicitar el <strong>permiso de residencia para inversores<\/strong>.<\/p>\n<p>\u00bfCu\u00e1nto tiempo tardar\u00e1? El <strong>tiempo de tramitaci\u00f3n<\/strong> de las solicitudes de <strong>visados<\/strong> de inversores es de <strong>10 d\u00edas<\/strong> laborales, <strong>20 d\u00edas<\/strong> en el caso de los <strong>permisos<\/strong> de residencia.<\/p>\n<p>Para cualquier otra pregunta, no dudes en contactarnos, estaremos encantados de poder ayudarte.<\/p>\n<h4 style=\"text-align: center;\">\u00bfTienes alguna pregunta? Env\u00edanos un mensaje<\/h4>\n","protected":false},"excerpt":{"rendered":"<p>Tramitaci\u00f3n de la Golden Visa En A-Z Paperwork podemos ayudarte con los tr\u00e1mites para la obtenci\u00f3n del Visado o Permiso de Residencia como ciudadano procedente de fuera de la Uni\u00f3n Europea. En A-Z Paperwork somos expertos en movilidad internacional y tus mejores compa\u00f1eros para el papeleo y los tr\u00e1mites de las inversiones en Espa\u00f1a. \u00bfQu\u00e9&hellip;<\/p>\n","protected":false},"author":2,"featured_media":0,"parent":0,"menu_order":0,"comment_status":"closed","ping_status":"closed","template":"","meta":{"_monsterinsights_skip_tracking":false,"_monsterinsights_sitenote_active":false,"_monsterinsights_sitenote_note":"","_monsterinsights_sitenote_category":0,"footnotes":""},"class_list":["post-35","page","type-page","status-publish","hentry"],"yoast_head":"<!-- This site is optimized with the Yoast SEO plugin v21.8.1 - https:\/\/yoast.com\/wordpress\/plugins\/seo\/ -->\n<title>Gestor\u00eda Golden Visa | Residencia Inversores | Alicante<\/title>\n<meta name=\"description\" content=\"Podemos ayudarte con los tr\u00e1mites para la obtenci\u00f3n del Visado o Permiso de Residencia como ciudadano procedente de fuera de la Uni\u00f3n Europea. Golden Visa.\" \/>\n<meta name=\"robots\" content=\"index, follow, max-snippet:-1, max-image-preview:large, max-video-preview:-1\" \/>\n<link rel=\"canonical\" href=\"https:\/\/www.a-zpaperwork.eu\/es\/golden-visa\/\" \/>\n<meta property=\"og:locale\" content=\"es_ES\" \/>\n<meta property=\"og:type\" content=\"article\" \/>\n<meta property=\"og:title\" content=\"Gestor\u00eda Golden Visa | Residencia Inversores | Alicante\" \/>\n<meta property=\"og:description\" content=\"Podemos ayudarte con los tr\u00e1mites para la obtenci\u00f3n del Visado o Permiso de Residencia como ciudadano procedente de fuera de la Uni\u00f3n Europea. Golden Visa.\" \/>\n<meta property=\"og:url\" content=\"https:\/\/www.a-zpaperwork.eu\/es\/golden-visa\/\" \/>\n<meta property=\"og:site_name\" content=\"A-Z Paperwork\" \/>\n<meta property=\"article:modified_time\" content=\"2017-11-19T17:14:11+00:00\" \/>\n<meta property=\"og:image\" content=\"http:\/\/www.a-zpaperwork.eu\/wp-content\/uploads\/2016\/11\/servicios-golden-visa-azpaperwork.jpg\" \/>\n<meta name=\"twitter:card\" content=\"summary_large_image\" \/>\n<meta name=\"twitter:label1\" content=\"Tiempo de lectura\" \/>\n\t<meta name=\"twitter:data1\" content=\"3 minutos\" \/>\n<script type=\"application\/ld+json\" class=\"yoast-schema-graph\">{\"@context\":\"https:\/\/schema.org\",\"@graph\":[{\"@type\":\"WebPage\",\"@id\":\"https:\/\/www.a-zpaperwork.eu\/es\/golden-visa\/\",\"url\":\"https:\/\/www.a-zpaperwork.eu\/es\/golden-visa\/\",\"name\":\"Gestor\u00eda Golden Visa | Residencia Inversores | Alicante\",\"isPartOf\":{\"@id\":\"https:\/\/www.a-zpaperwork.eu\/#website\"},\"datePublished\":\"2016-11-04T17:15:20+00:00\",\"dateModified\":\"2017-11-19T17:14:11+00:00\",\"description\":\"Podemos ayudarte con los tr\u00e1mites para la obtenci\u00f3n del Visado o Permiso de Residencia como ciudadano procedente de fuera de la Uni\u00f3n Europea. Golden Visa.\",\"breadcrumb\":{\"@id\":\"https:\/\/www.a-zpaperwork.eu\/es\/golden-visa\/#breadcrumb\"},\"inLanguage\":\"es\",\"potentialAction\":[{\"@type\":\"ReadAction\",\"target\":[\"https:\/\/www.a-zpaperwork.eu\/es\/golden-visa\/\"]}]},{\"@type\":\"BreadcrumbList\",\"@id\":\"https:\/\/www.a-zpaperwork.eu\/es\/golden-visa\/#breadcrumb\",\"itemListElement\":[{\"@type\":\"ListItem\",\"position\":1,\"name\":\"Home\",\"item\":\"https:\/\/www.a-zpaperwork.eu\/es\/\"},{\"@type\":\"ListItem\",\"position\":2,\"name\":\"Golden Visa | Gestor\u00eda Visado de Residencia de Oro | Inversores | Movilidad Internacional\"}]},{\"@type\":\"WebSite\",\"@id\":\"https:\/\/www.a-zpaperwork.eu\/#website\",\"url\":\"https:\/\/www.a-zpaperwork.eu\/\",\"name\":\"A-Z Paperwork\",\"description\":\"Asesores | Advisors | Alicante\",\"potentialAction\":[{\"@type\":\"SearchAction\",\"target\":{\"@type\":\"EntryPoint\",\"urlTemplate\":\"https:\/\/www.a-zpaperwork.eu\/?s={search_term_string}\"},\"query-input\":\"required name=search_term_string\"}],\"inLanguage\":\"es\"}]}<\/script>\n<!-- \/ Yoast SEO plugin. -->","yoast_head_json":{"title":"Gestor\u00eda Golden Visa | Residencia Inversores | Alicante","description":"Podemos ayudarte con los tr\u00e1mites para la obtenci\u00f3n del Visado o Permiso de Residencia como ciudadano procedente de fuera de la Uni\u00f3n Europea. Golden Visa.","robots":{"index":"index","follow":"follow","max-snippet":"max-snippet:-1","max-image-preview":"max-image-preview:large","max-video-preview":"max-video-preview:-1"},"canonical":"https:\/\/www.a-zpaperwork.eu\/es\/golden-visa\/","og_locale":"es_ES","og_type":"article","og_title":"Gestor\u00eda Golden Visa | Residencia Inversores | Alicante","og_description":"Podemos ayudarte con los tr\u00e1mites para la obtenci\u00f3n del Visado o Permiso de Residencia como ciudadano procedente de fuera de la Uni\u00f3n Europea. Golden Visa.","og_url":"https:\/\/www.a-zpaperwork.eu\/es\/golden-visa\/","og_site_name":"A-Z Paperwork","article_modified_time":"2017-11-19T17:14:11+00:00","og_image":[{"url":"http:\/\/www.a-zpaperwork.eu\/wp-content\/uploads\/2016\/11\/servicios-golden-visa-azpaperwork.jpg"}],"twitter_card":"summary_large_image","twitter_misc":{"Tiempo de lectura":"3 minutos"},"schema":{"@context":"https:\/\/schema.org","@graph":[{"@type":"WebPage","@id":"https:\/\/www.a-zpaperwork.eu\/es\/golden-visa\/","url":"https:\/\/www.a-zpaperwork.eu\/es\/golden-visa\/","name":"Gestor\u00eda Golden Visa | Residencia Inversores | Alicante","isPartOf":{"@id":"https:\/\/www.a-zpaperwork.eu\/#website"},"datePublished":"2016-11-04T17:15:20+00:00","dateModified":"2017-11-19T17:14:11+00:00","description":"Podemos ayudarte con los tr\u00e1mites para la obtenci\u00f3n del Visado o Permiso de Residencia como ciudadano procedente de fuera de la Uni\u00f3n Europea. Golden Visa.","breadcrumb":{"@id":"https:\/\/www.a-zpaperwork.eu\/es\/golden-visa\/#breadcrumb"},"inLanguage":"es","potentialAction":[{"@type":"ReadAction","target":["https:\/\/www.a-zpaperwork.eu\/es\/golden-visa\/"]}]},{"@type":"BreadcrumbList","@id":"https:\/\/www.a-zpaperwork.eu\/es\/golden-visa\/#breadcrumb","itemListElement":[{"@type":"ListItem","position":1,"name":"Home","item":"https:\/\/www.a-zpaperwork.eu\/es\/"},{"@type":"ListItem","position":2,"name":"Golden Visa | Gestor\u00eda Visado de Residencia de Oro | Inversores | Movilidad Internacional"}]},{"@type":"WebSite","@id":"https:\/\/www.a-zpaperwork.eu\/#website","url":"https:\/\/www.a-zpaperwork.eu\/","name":"A-Z Paperwork","description":"Asesores | Advisors | Alicante","potentialAction":[{"@type":"SearchAction","target":{"@type":"EntryPoint","urlTemplate":"https:\/\/www.a-zpaperwork.eu\/?s={search_term_string}"},"query-input":"required name=search_term_string"}],"inLanguage":"es"}]}},"_links":{"self":[{"href":"https:\/\/www.a-zpaperwork.eu\/es\/wp-json\/wp\/v2\/pages\/35","targetHints":{"allow":["GET"]}}],"collection":[{"href":"https:\/\/www.a-zpaperwork.eu\/es\/wp-json\/wp\/v2\/pages"}],"about":[{"href":"https:\/\/www.a-zpaperwork.eu\/es\/wp-json\/wp\/v2\/types\/page"}],"author":[{"embeddable":true,"href":"https:\/\/www.a-zpaperwork.eu\/es\/wp-json\/wp\/v2\/users\/2"}],"replies":[{"embeddable":true,"href":"https:\/\/www.a-zpaperwork.eu\/es\/wp-json\/wp\/v2\/comments?post=35"}],"version-history":[{"count":10,"href":"https:\/\/www.a-zpaperwork.eu\/es\/wp-json\/wp\/v2\/pages\/35\/revisions"}],"predecessor-version":[{"id":389,"href":"https:\/\/www.a-zpaperwork.eu\/es\/wp-json\/wp\/v2\/pages\/35\/revisions\/389"}],"wp:attachment":[{"href":"https:\/\/www.a-zpaperwork.eu\/es\/wp-json\/wp\/v2\/media?parent=35"}],"curies":[{"name":"wp","href":"https:\/\/api.w.org\/{rel}","templated":true}]}}