{"id":39,"date":"2016-11-04T17:22:32","date_gmt":"2016-11-04T17:22:32","guid":{"rendered":"http:\/\/www.a-zpaperwork.eu\/?page_id=39"},"modified":"2017-11-19T18:16:12","modified_gmt":"2017-11-19T17:16:12","slug":"gestoria-trafico-vehiculos","status":"publish","type":"page","link":"https:\/\/www.a-zpaperwork.eu\/es\/gestoria-trafico-vehiculos\/","title":{"rendered":"Gestor\u00eda de Tr\u00e1fico y Transferencia de Veh\u00edculos"},"content":{"rendered":"<h1>Gesti\u00f3n de la transmisi\u00f3n de veh\u00edculos y otros tr\u00e1mites de tr\u00e1fico<\/h1>\n<p>En <strong>A-Z Paperwork <\/strong>nos encargamos de todos tus <strong>tr\u00e1mites relacionados con tu veh\u00edculo<\/strong>, desde la <strong>compraventa<\/strong> o la <strong>matriculaci\u00f3n<\/strong>, hasta la gesti\u00f3n de canjes o duplicados de tu permiso de conducir, para que t\u00fa solo tengas que encargarte de seguir disfrutando de conducir tu veh\u00edculo. En nuestra gestor\u00eda encontrar\u00e1s <strong>experiencia<\/strong> y profesionalidad. <strong>Contacta<\/strong> con nosotros para conocer nuestras <strong>tarifas<\/strong>.<\/p>\n<p><img loading=\"lazy\" decoding=\"async\" src=\"http:\/\/www.a-zpaperwork.eu\/wp-content\/uploads\/2016\/11\/servicios-gestoria-trafico-azpaperwork.jpg\" alt=\"servicios-gestoria-trafico-azpaperwork\" width=\"750\" height=\"500\" \/><\/p>\n<h2>Transmisi\u00f3n de veh\u00edculos<\/h2>\n<p>\u00bfEst\u00e1s pensando en\u00a0<strong>vender o comprar un veh\u00edculo<\/strong>? Como ya sabes, la\u00a0compraventa de veh\u00edculos, -tanto nuevos como usados o de segunda mano- est\u00e1 sometida a una de <strong>tr\u00e1mites obligatorios<\/strong>, tanto por la parte compradora como por la vendedora. \u00a0La ausencia de realizaci\u00f3n de los tr\u00e1mites obligatorios puede acarrearte consecuencias negativas como sanciones o la imposibilidad de pasar con \u00e9xito otros tr\u00e1mites como la <strong>Inspecci\u00f3n T\u00e9cnica\u00a0 de Veh\u00edculos<\/strong>. En <strong>A-Z Paparwork<\/strong> podemos ayudarte con todas las gestiones y tr\u00e1mites relativos al <strong>cambio de titularidad<\/strong> del veh\u00edculo en el <strong>Registro de la Direcci\u00f3n General de Tr\u00e1fico<\/strong>.<\/p>\n<p>Tenemos una larga experiencia profesional con todo el <strong>papeleo necesario para que t\u00fa te olvides de problemas y quebraderos de cabeza<\/strong>. Cont\u00e1ctanos hoy y no olvides seguir nuestros consejos. No debes entregar nunca el veh\u00edculo si no tienes en tu pode el <strong>contrato original<\/strong> si se trata de un contrato de compraventa entre particulares (ni a falta de copia del <strong>permiso de circulaci\u00f3n<\/strong> donde conste que el veh\u00edculo ya est\u00e1 a su nombre), o de la <strong>factura oficial<\/strong>, cuando se trata de la compra de un veh\u00edculo nuevo. Adem\u00e1s, es precios identificar convenientemente a las partes mediante <strong>DNI o tarjeta de residencia<\/strong>, cuando de personas f\u00edsicas se trata, o NIF, cuando se trata de personas jur\u00eddicas.<\/p>\n<p>Nuestra gestor\u00eda puede encargarse de realizar por ti de todos los tr\u00e1mites relativos a:<\/p>\n<ul>\n<li><strong>Cambio de titularidad<\/strong> de tu coche o moto.<\/li>\n<li><strong>Matriculaci\u00f3n<\/strong> de veh\u00edculos nuevos.<\/li>\n<li><strong>Importaci\u00f3n<\/strong> de veh\u00edculos desde otros pa\u00edses.<\/li>\n<li><strong>Inscripci\u00f3n a tu nombre<\/strong> en el Registro de Veh\u00edculos de la Direcci\u00f3n General de Tr\u00e1fico.<\/li>\n<li>Gesti\u00f3n te la <strong>Tarjeta de Inspecci\u00f3n T\u00e9cnica del Veh\u00edculo<\/strong>.<\/li>\n<li>Gesti\u00f3n del <strong>permiso de circulaci\u00f3n<\/strong> a tu nombre.<\/li>\n<li><strong>Solicitud de informes<\/strong> pertinentes frente a la <strong>Jefatura de Tr\u00e1fico<\/strong> para averiguar su situaci\u00f3n administrativa. Entre ellos el informe de \u201cAntecedentes e Impedimentos del veh\u00edculo\u201d para conocer su estado de cargas, tales como embargos, <strong>reservas de dominios<\/strong>, precintos financieros, entre otras.<\/li>\n<li>Gesti\u00f3n del <strong>pago el impuesto de transmisiones patrimoniales<\/strong>, en base al precio de transferencia del veh\u00edculo.<\/li>\n<\/ul>\n<h2>Canje de permiso de conducir y duplicados<\/h2>\n<p>En <strong>A-Z Paperwork<\/strong> nos encargamos tambi\u00e9n de realizar los tr\u00e1mites oportunos para que puedas obtener el <strong>canje tu permiso de conducir o tu carnet de conducir europeo<\/strong>. As\u00ed como renovar el carnet de conducir por <strong>robo<\/strong> o la obtenci\u00f3n de su <strong>duplicado<\/strong>.<\/p>\n<p><strong>Contacta con nosotros hoy<\/strong>, y perm\u00edtenos informarte sobre las ventajas de nuestros servicios y nuestras tarifas.<\/p>\n<h4 style=\"text-align: center;\">\u00bfTienes alguna pregunta? Env\u00edanos un mensaje<\/h4>\n","protected":false},"excerpt":{"rendered":"<p>Gesti\u00f3n de la transmisi\u00f3n de veh\u00edculos y otros tr\u00e1mites de tr\u00e1fico En A-Z Paperwork nos encargamos de todos tus tr\u00e1mites relacionados con tu veh\u00edculo, desde la compraventa o la matriculaci\u00f3n, hasta la gesti\u00f3n de canjes o duplicados de tu permiso de conducir, para que t\u00fa solo tengas que encargarte de seguir disfrutando de conducir tu&hellip;<\/p>\n","protected":false},"author":2,"featured_media":0,"parent":0,"menu_order":0,"comment_status":"closed","ping_status":"closed","template":"","meta":{"_monsterinsights_skip_tracking":false,"_monsterinsights_sitenote_active":false,"_monsterinsights_sitenote_note":"","_monsterinsights_sitenote_category":0,"footnotes":""},"class_list":["post-39","page","type-page","status-publish","hentry"],"yoast_head":"<!-- This site is optimized with the Yoast SEO plugin v21.8.1 - https:\/\/yoast.com\/wordpress\/plugins\/seo\/ -->\n<title>Gestor\u00eda de Tr\u00e1fico y Veh\u00edculos | Tr\u00e1mites y Documentaci\u00f3n | Alicante<\/title>\n<meta name=\"description\" content=\"Nos encargamos de todos tus tr\u00e1mites relacionados con tu veh\u00edculo, desde la compraventa o matriculaci\u00f3n, hasta la gesti\u00f3n duplicados de tu permiso.\" \/>\n<meta name=\"robots\" content=\"index, follow, max-snippet:-1, max-image-preview:large, max-video-preview:-1\" \/>\n<link rel=\"canonical\" href=\"https:\/\/www.a-zpaperwork.eu\/es\/gestoria-trafico-vehiculos\/\" \/>\n<meta property=\"og:locale\" content=\"es_ES\" \/>\n<meta property=\"og:type\" content=\"article\" \/>\n<meta property=\"og:title\" content=\"Gestor\u00eda de Tr\u00e1fico y Veh\u00edculos | Tr\u00e1mites y Documentaci\u00f3n | Alicante\" \/>\n<meta property=\"og:description\" content=\"Nos encargamos de todos tus tr\u00e1mites relacionados con tu veh\u00edculo, desde la compraventa o matriculaci\u00f3n, hasta la gesti\u00f3n duplicados de tu permiso.\" \/>\n<meta property=\"og:url\" content=\"https:\/\/www.a-zpaperwork.eu\/es\/gestoria-trafico-vehiculos\/\" \/>\n<meta property=\"og:site_name\" content=\"A-Z Paperwork\" \/>\n<meta property=\"article:modified_time\" content=\"2017-11-19T17:16:12+00:00\" \/>\n<meta property=\"og:image\" content=\"http:\/\/www.a-zpaperwork.eu\/wp-content\/uploads\/2016\/11\/servicios-gestoria-trafico-azpaperwork.jpg\" \/>\n<meta name=\"twitter:card\" content=\"summary_large_image\" \/>\n<meta name=\"twitter:label1\" content=\"Tiempo de lectura\" \/>\n\t<meta name=\"twitter:data1\" content=\"3 minutos\" \/>\n<script type=\"application\/ld+json\" class=\"yoast-schema-graph\">{\"@context\":\"https:\/\/schema.org\",\"@graph\":[{\"@type\":\"WebPage\",\"@id\":\"https:\/\/www.a-zpaperwork.eu\/es\/gestoria-trafico-vehiculos\/\",\"url\":\"https:\/\/www.a-zpaperwork.eu\/es\/gestoria-trafico-vehiculos\/\",\"name\":\"Gestor\u00eda de Tr\u00e1fico y Veh\u00edculos | Tr\u00e1mites y Documentaci\u00f3n | Alicante\",\"isPartOf\":{\"@id\":\"https:\/\/www.a-zpaperwork.eu\/#website\"},\"datePublished\":\"2016-11-04T17:22:32+00:00\",\"dateModified\":\"2017-11-19T17:16:12+00:00\",\"description\":\"Nos encargamos de todos tus tr\u00e1mites relacionados con tu veh\u00edculo, desde la compraventa o matriculaci\u00f3n, hasta la gesti\u00f3n duplicados de tu permiso.\",\"breadcrumb\":{\"@id\":\"https:\/\/www.a-zpaperwork.eu\/es\/gestoria-trafico-vehiculos\/#breadcrumb\"},\"inLanguage\":\"es\",\"potentialAction\":[{\"@type\":\"ReadAction\",\"target\":[\"https:\/\/www.a-zpaperwork.eu\/es\/gestoria-trafico-vehiculos\/\"]}]},{\"@type\":\"BreadcrumbList\",\"@id\":\"https:\/\/www.a-zpaperwork.eu\/es\/gestoria-trafico-vehiculos\/#breadcrumb\",\"itemListElement\":[{\"@type\":\"ListItem\",\"position\":1,\"name\":\"Home\",\"item\":\"https:\/\/www.a-zpaperwork.eu\/es\/\"},{\"@type\":\"ListItem\",\"position\":2,\"name\":\"Gestor\u00eda de Tr\u00e1fico y Transferencia de Veh\u00edculos\"}]},{\"@type\":\"WebSite\",\"@id\":\"https:\/\/www.a-zpaperwork.eu\/#website\",\"url\":\"https:\/\/www.a-zpaperwork.eu\/\",\"name\":\"A-Z Paperwork\",\"description\":\"Asesores | Advisors | Alicante\",\"potentialAction\":[{\"@type\":\"SearchAction\",\"target\":{\"@type\":\"EntryPoint\",\"urlTemplate\":\"https:\/\/www.a-zpaperwork.eu\/?s={search_term_string}\"},\"query-input\":\"required name=search_term_string\"}],\"inLanguage\":\"es\"}]}<\/script>\n<!-- \/ Yoast SEO plugin. -->","yoast_head_json":{"title":"Gestor\u00eda de Tr\u00e1fico y Veh\u00edculos | Tr\u00e1mites y Documentaci\u00f3n | Alicante","description":"Nos encargamos de todos tus tr\u00e1mites relacionados con tu veh\u00edculo, desde la compraventa o matriculaci\u00f3n, hasta la gesti\u00f3n duplicados de tu permiso.","robots":{"index":"index","follow":"follow","max-snippet":"max-snippet:-1","max-image-preview":"max-image-preview:large","max-video-preview":"max-video-preview:-1"},"canonical":"https:\/\/www.a-zpaperwork.eu\/es\/gestoria-trafico-vehiculos\/","og_locale":"es_ES","og_type":"article","og_title":"Gestor\u00eda de Tr\u00e1fico y Veh\u00edculos | Tr\u00e1mites y Documentaci\u00f3n | Alicante","og_description":"Nos encargamos de todos tus tr\u00e1mites relacionados con tu veh\u00edculo, desde la compraventa o matriculaci\u00f3n, hasta la gesti\u00f3n duplicados de tu permiso.","og_url":"https:\/\/www.a-zpaperwork.eu\/es\/gestoria-trafico-vehiculos\/","og_site_name":"A-Z Paperwork","article_modified_time":"2017-11-19T17:16:12+00:00","og_image":[{"url":"http:\/\/www.a-zpaperwork.eu\/wp-content\/uploads\/2016\/11\/servicios-gestoria-trafico-azpaperwork.jpg"}],"twitter_card":"summary_large_image","twitter_misc":{"Tiempo de lectura":"3 minutos"},"schema":{"@context":"https:\/\/schema.org","@graph":[{"@type":"WebPage","@id":"https:\/\/www.a-zpaperwork.eu\/es\/gestoria-trafico-vehiculos\/","url":"https:\/\/www.a-zpaperwork.eu\/es\/gestoria-trafico-vehiculos\/","name":"Gestor\u00eda de Tr\u00e1fico y Veh\u00edculos | Tr\u00e1mites y Documentaci\u00f3n | Alicante","isPartOf":{"@id":"https:\/\/www.a-zpaperwork.eu\/#website"},"datePublished":"2016-11-04T17:22:32+00:00","dateModified":"2017-11-19T17:16:12+00:00","description":"Nos encargamos de todos tus tr\u00e1mites relacionados con tu veh\u00edculo, desde la compraventa o matriculaci\u00f3n, hasta la gesti\u00f3n duplicados de tu permiso.","breadcrumb":{"@id":"https:\/\/www.a-zpaperwork.eu\/es\/gestoria-trafico-vehiculos\/#breadcrumb"},"inLanguage":"es","potentialAction":[{"@type":"ReadAction","target":["https:\/\/www.a-zpaperwork.eu\/es\/gestoria-trafico-vehiculos\/"]}]},{"@type":"BreadcrumbList","@id":"https:\/\/www.a-zpaperwork.eu\/es\/gestoria-trafico-vehiculos\/#breadcrumb","itemListElement":[{"@type":"ListItem","position":1,"name":"Home","item":"https:\/\/www.a-zpaperwork.eu\/es\/"},{"@type":"ListItem","position":2,"name":"Gestor\u00eda de Tr\u00e1fico y Transferencia de Veh\u00edculos"}]},{"@type":"WebSite","@id":"https:\/\/www.a-zpaperwork.eu\/#website","url":"https:\/\/www.a-zpaperwork.eu\/","name":"A-Z Paperwork","description":"Asesores | Advisors | Alicante","potentialAction":[{"@type":"SearchAction","target":{"@type":"EntryPoint","urlTemplate":"https:\/\/www.a-zpaperwork.eu\/?s={search_term_string}"},"query-input":"required name=search_term_string"}],"inLanguage":"es"}]}},"_links":{"self":[{"href":"https:\/\/www.a-zpaperwork.eu\/es\/wp-json\/wp\/v2\/pages\/39","targetHints":{"allow":["GET"]}}],"collection":[{"href":"https:\/\/www.a-zpaperwork.eu\/es\/wp-json\/wp\/v2\/pages"}],"about":[{"href":"https:\/\/www.a-zpaperwork.eu\/es\/wp-json\/wp\/v2\/types\/page"}],"author":[{"embeddable":true,"href":"https:\/\/www.a-zpaperwork.eu\/es\/wp-json\/wp\/v2\/users\/2"}],"replies":[{"embeddable":true,"href":"https:\/\/www.a-zpaperwork.eu\/es\/wp-json\/wp\/v2\/comments?post=39"}],"version-history":[{"count":12,"href":"https:\/\/www.a-zpaperwork.eu\/es\/wp-json\/wp\/v2\/pages\/39\/revisions"}],"predecessor-version":[{"id":391,"href":"https:\/\/www.a-zpaperwork.eu\/es\/wp-json\/wp\/v2\/pages\/39\/revisions\/391"}],"wp:attachment":[{"href":"https:\/\/www.a-zpaperwork.eu\/es\/wp-json\/wp\/v2\/media?parent=39"}],"curies":[{"name":"wp","href":"https:\/\/api.w.org\/{rel}","templated":true}]}}