{"id":43,"date":"2016-11-04T17:26:46","date_gmt":"2016-11-04T17:26:46","guid":{"rendered":"http:\/\/www.a-zpaperwork.eu\/?page_id=43"},"modified":"2017-11-19T18:15:16","modified_gmt":"2017-11-19T17:15:16","slug":"gestoria-herencias","status":"publish","type":"page","link":"https:\/\/www.a-zpaperwork.eu\/es\/gestoria-herencias\/","title":{"rendered":"Gestor\u00eda-Asesor\u00eda. Especialistas en Herencias, Testamentos y Sucesiones"},"content":{"rendered":"<h1>Gesti\u00f3n de los tr\u00e1mites del testamento y la herencia<\/h1>\n<p>En A-Z <strong>Paperwork<\/strong> podemos ayudarte con los tr\u00e1mites y gestiones derivados de la <strong>aceptaci\u00f3n de una herencia<\/strong>, el <strong>cambio de titularidad de los bienes inmuebles<\/strong> que en ella se incluyen, los <strong>tr\u00e1mites con el Registro de la Propiedad<\/strong> o la satisfacci\u00f3n de los <strong>impuestos<\/strong> que de este se derivan, como el <strong>Impuesto de Sucesiones<\/strong> y Donaciones o la <strong>Plusval\u00eda Municipal<\/strong>.<\/p>\n<p><img loading=\"lazy\" decoding=\"async\" src=\"http:\/\/www.a-zpaperwork.eu\/wp-content\/uploads\/2016\/11\/servicios-herencias-azpaperwork.jpg\" alt=\"servicios-herencias-azpaperwork\" width=\"750\" height=\"500\" \/><\/p>\n<p>&nbsp;<\/p>\n<h2>El testamento: el t\u00edtulo sucesorio<\/h2>\n<p>El <strong>testamento<\/strong> es el documento en el cual el testador hace constar su \u00faltima voluntad. Para realizar un testamento adecuadamente es necesario contar con <strong>un buen asesoramiento<\/strong>, para asegurarse de que todas las <strong>clausulas est\u00e1n en reglas<\/strong>, y para conocer las <strong>consecuencias fiscales <\/strong>y el pago de impuestos que de las distintas clausulas pueden derivarse.<\/p>\n<p>El notario se encarga de la custodia del documento original en el que consta el testamento, y lo mantiene en el m\u00e1s absoluto secreto con todas las garant\u00edas, de modo que nadie pueda averiguar ni si el testamento existe ni cu\u00e1l es su contenido.<\/p>\n<h2>El certificado de \u00faltimas voluntades<\/h2>\n<p>El <strong>certificado de \u00faltimas voluntades<\/strong> es el \u00fanico documento capaz de acreditar dos aspectos: si una persona ha otorgado testamento \u00a0y ante qu\u00e9 notario lo ha otorgado. Se trata de un documento prescriptivo para la realizaci\u00f3n de cualquier acto relacionado con la sucesi\u00f3n.<\/p>\n<h2>Declaraci\u00f3n de herederos<\/h2>\n<p>La declaraci\u00f3n de herederos tambi\u00e9n conocida como las a<strong>ctas de declaraci\u00f3n de herederos ab intestato<\/strong>, es la forma de repartici\u00f3n de los bienes sucesorios cuando la persona fallecida no hizo constar ning\u00fan testamento.<\/p>\n<h2>Certificado de defunci\u00f3n<\/h2>\n<p>El <strong>certificado de defunci\u00f3n<\/strong> es el \u00fanico documento oficial capaz de acreditar que una persona ha fallecido. Es posible obtener un certificado de defunci\u00f3n en distintas modalidades:<\/p>\n<ul>\n<li><strong>Extractos o literales<\/strong>: los extractos son un resumen de la informaci\u00f3n que consta en el Registro Civil relativa al fallecimiento, mientras que los literales son una copia literal de la inscripci\u00f3n que contienen todos los datos al completo.<\/li>\n<li><strong>Ordinarios, internacionales (pluriling\u00fces) o biling\u00fces<\/strong>: los extractos pueden ser de varios tipos en funci\u00f3n de la lengua en el que son expedidos. Los <strong>ordinarios<\/strong> son los expedidos en lengua castellana. Los <strong>internacionales<\/strong> se expiden en la lengua oficial de todos los pa\u00edses firmantes del <strong>Convenio de Viena de 8 de septiembre de 1976<\/strong>, que son Espa\u00f1a, Alemania, Austria, B\u00e9lgica, Francia, Grecia, Italia, Luxemburgo, Holanda, Portugal, Suiza, Turqu\u00eda, Eslovenia, Croacia, Macedonia, Bosnia, Serbia, Polonia, Montenegro, Moldavia, Lituania, Estonia, Ruman\u00eda y Bulgaria. Por \u00faltimo, el certificado <strong>biling\u00fce<\/strong> es aquel que tienen lugar cuando una Comunidad Aut\u00f3noma espa\u00f1ola tiene otra lengua cooficial.<\/li>\n<\/ul>\n<h2>Liquidaci\u00f3n de impuestos: Sucesiones y Donaciones y Plusval\u00eda Municipal<\/h2>\n<p>Podemos ayudarte con las <strong>gestiones derivadas del pago Impuesto de Sucesiones<\/strong> y Donaciones,\u00a0tanto de residentes como de <strong>no residentes<\/strong>, as\u00ed como del pago de la llamada <strong>Plusval\u00eda Municipal<\/strong>.<\/p>\n<h4 style=\"text-align: center;\">\u00bfTienes alguna pregunta? Env\u00edanos un mensaje<\/h4>\n","protected":false},"excerpt":{"rendered":"<p>Gesti\u00f3n de los tr\u00e1mites del testamento y la herencia En A-Z Paperwork podemos ayudarte con los tr\u00e1mites y gestiones derivados de la aceptaci\u00f3n de una herencia, el cambio de titularidad de los bienes inmuebles que en ella se incluyen, los tr\u00e1mites con el Registro de la Propiedad o la satisfacci\u00f3n de los impuestos que de&hellip;<\/p>\n","protected":false},"author":2,"featured_media":0,"parent":0,"menu_order":0,"comment_status":"closed","ping_status":"closed","template":"","meta":{"_monsterinsights_skip_tracking":false,"_monsterinsights_sitenote_active":false,"_monsterinsights_sitenote_note":"","_monsterinsights_sitenote_category":0,"footnotes":""},"class_list":["post-43","page","type-page","status-publish","hentry"],"yoast_head":"<!-- This site is optimized with the Yoast SEO plugin v21.8.1 - https:\/\/yoast.com\/wordpress\/plugins\/seo\/ -->\n<title>Asesor\u00eda Herencias | Sucesiones y Testamento | Alicante<\/title>\n<meta name=\"description\" content=\"En A-Z Paperwork podemos ayudarte con los tr\u00e1mites y gestiones derivados de la aceptaci\u00f3n de una herencia. Asesor\u00eda Herencias, Sucesiones y Testamentos\" \/>\n<meta name=\"robots\" content=\"index, follow, max-snippet:-1, max-image-preview:large, max-video-preview:-1\" \/>\n<link rel=\"canonical\" href=\"https:\/\/www.a-zpaperwork.eu\/es\/gestoria-herencias\/\" \/>\n<meta property=\"og:locale\" content=\"es_ES\" \/>\n<meta property=\"og:type\" content=\"article\" \/>\n<meta property=\"og:title\" content=\"Asesor\u00eda Herencias | Sucesiones y Testamento | Alicante\" \/>\n<meta property=\"og:description\" content=\"En A-Z Paperwork podemos ayudarte con los tr\u00e1mites y gestiones derivados de la aceptaci\u00f3n de una herencia. Asesor\u00eda Herencias, Sucesiones y Testamentos\" \/>\n<meta property=\"og:url\" content=\"https:\/\/www.a-zpaperwork.eu\/es\/gestoria-herencias\/\" \/>\n<meta property=\"og:site_name\" content=\"A-Z Paperwork\" \/>\n<meta property=\"article:modified_time\" content=\"2017-11-19T17:15:16+00:00\" \/>\n<meta property=\"og:image\" content=\"http:\/\/www.a-zpaperwork.eu\/wp-content\/uploads\/2016\/11\/servicios-herencias-azpaperwork.jpg\" \/>\n<meta name=\"twitter:card\" content=\"summary_large_image\" \/>\n<meta name=\"twitter:label1\" content=\"Tiempo de lectura\" \/>\n\t<meta name=\"twitter:data1\" content=\"3 minutos\" \/>\n<script type=\"application\/ld+json\" class=\"yoast-schema-graph\">{\"@context\":\"https:\/\/schema.org\",\"@graph\":[{\"@type\":\"WebPage\",\"@id\":\"https:\/\/www.a-zpaperwork.eu\/es\/gestoria-herencias\/\",\"url\":\"https:\/\/www.a-zpaperwork.eu\/es\/gestoria-herencias\/\",\"name\":\"Asesor\u00eda Herencias | Sucesiones y Testamento | Alicante\",\"isPartOf\":{\"@id\":\"https:\/\/www.a-zpaperwork.eu\/#website\"},\"datePublished\":\"2016-11-04T17:26:46+00:00\",\"dateModified\":\"2017-11-19T17:15:16+00:00\",\"description\":\"En A-Z Paperwork podemos ayudarte con los tr\u00e1mites y gestiones derivados de la aceptaci\u00f3n de una herencia. Asesor\u00eda Herencias, Sucesiones y Testamentos\",\"breadcrumb\":{\"@id\":\"https:\/\/www.a-zpaperwork.eu\/es\/gestoria-herencias\/#breadcrumb\"},\"inLanguage\":\"es\",\"potentialAction\":[{\"@type\":\"ReadAction\",\"target\":[\"https:\/\/www.a-zpaperwork.eu\/es\/gestoria-herencias\/\"]}]},{\"@type\":\"BreadcrumbList\",\"@id\":\"https:\/\/www.a-zpaperwork.eu\/es\/gestoria-herencias\/#breadcrumb\",\"itemListElement\":[{\"@type\":\"ListItem\",\"position\":1,\"name\":\"Home\",\"item\":\"https:\/\/www.a-zpaperwork.eu\/es\/\"},{\"@type\":\"ListItem\",\"position\":2,\"name\":\"Gestor\u00eda-Asesor\u00eda. Especialistas en Herencias, Testamentos y Sucesiones\"}]},{\"@type\":\"WebSite\",\"@id\":\"https:\/\/www.a-zpaperwork.eu\/#website\",\"url\":\"https:\/\/www.a-zpaperwork.eu\/\",\"name\":\"A-Z Paperwork\",\"description\":\"Asesores | Advisors | Alicante\",\"potentialAction\":[{\"@type\":\"SearchAction\",\"target\":{\"@type\":\"EntryPoint\",\"urlTemplate\":\"https:\/\/www.a-zpaperwork.eu\/?s={search_term_string}\"},\"query-input\":\"required name=search_term_string\"}],\"inLanguage\":\"es\"}]}<\/script>\n<!-- \/ Yoast SEO plugin. -->","yoast_head_json":{"title":"Asesor\u00eda Herencias | Sucesiones y Testamento | Alicante","description":"En A-Z Paperwork podemos ayudarte con los tr\u00e1mites y gestiones derivados de la aceptaci\u00f3n de una herencia. Asesor\u00eda Herencias, Sucesiones y Testamentos","robots":{"index":"index","follow":"follow","max-snippet":"max-snippet:-1","max-image-preview":"max-image-preview:large","max-video-preview":"max-video-preview:-1"},"canonical":"https:\/\/www.a-zpaperwork.eu\/es\/gestoria-herencias\/","og_locale":"es_ES","og_type":"article","og_title":"Asesor\u00eda Herencias | Sucesiones y Testamento | Alicante","og_description":"En A-Z Paperwork podemos ayudarte con los tr\u00e1mites y gestiones derivados de la aceptaci\u00f3n de una herencia. Asesor\u00eda Herencias, Sucesiones y Testamentos","og_url":"https:\/\/www.a-zpaperwork.eu\/es\/gestoria-herencias\/","og_site_name":"A-Z Paperwork","article_modified_time":"2017-11-19T17:15:16+00:00","og_image":[{"url":"http:\/\/www.a-zpaperwork.eu\/wp-content\/uploads\/2016\/11\/servicios-herencias-azpaperwork.jpg"}],"twitter_card":"summary_large_image","twitter_misc":{"Tiempo de lectura":"3 minutos"},"schema":{"@context":"https:\/\/schema.org","@graph":[{"@type":"WebPage","@id":"https:\/\/www.a-zpaperwork.eu\/es\/gestoria-herencias\/","url":"https:\/\/www.a-zpaperwork.eu\/es\/gestoria-herencias\/","name":"Asesor\u00eda Herencias | Sucesiones y Testamento | Alicante","isPartOf":{"@id":"https:\/\/www.a-zpaperwork.eu\/#website"},"datePublished":"2016-11-04T17:26:46+00:00","dateModified":"2017-11-19T17:15:16+00:00","description":"En A-Z Paperwork podemos ayudarte con los tr\u00e1mites y gestiones derivados de la aceptaci\u00f3n de una herencia. Asesor\u00eda Herencias, Sucesiones y Testamentos","breadcrumb":{"@id":"https:\/\/www.a-zpaperwork.eu\/es\/gestoria-herencias\/#breadcrumb"},"inLanguage":"es","potentialAction":[{"@type":"ReadAction","target":["https:\/\/www.a-zpaperwork.eu\/es\/gestoria-herencias\/"]}]},{"@type":"BreadcrumbList","@id":"https:\/\/www.a-zpaperwork.eu\/es\/gestoria-herencias\/#breadcrumb","itemListElement":[{"@type":"ListItem","position":1,"name":"Home","item":"https:\/\/www.a-zpaperwork.eu\/es\/"},{"@type":"ListItem","position":2,"name":"Gestor\u00eda-Asesor\u00eda. Especialistas en Herencias, Testamentos y Sucesiones"}]},{"@type":"WebSite","@id":"https:\/\/www.a-zpaperwork.eu\/#website","url":"https:\/\/www.a-zpaperwork.eu\/","name":"A-Z Paperwork","description":"Asesores | Advisors | Alicante","potentialAction":[{"@type":"SearchAction","target":{"@type":"EntryPoint","urlTemplate":"https:\/\/www.a-zpaperwork.eu\/?s={search_term_string}"},"query-input":"required name=search_term_string"}],"inLanguage":"es"}]}},"_links":{"self":[{"href":"https:\/\/www.a-zpaperwork.eu\/es\/wp-json\/wp\/v2\/pages\/43","targetHints":{"allow":["GET"]}}],"collection":[{"href":"https:\/\/www.a-zpaperwork.eu\/es\/wp-json\/wp\/v2\/pages"}],"about":[{"href":"https:\/\/www.a-zpaperwork.eu\/es\/wp-json\/wp\/v2\/types\/page"}],"author":[{"embeddable":true,"href":"https:\/\/www.a-zpaperwork.eu\/es\/wp-json\/wp\/v2\/users\/2"}],"replies":[{"embeddable":true,"href":"https:\/\/www.a-zpaperwork.eu\/es\/wp-json\/wp\/v2\/comments?post=43"}],"version-history":[{"count":11,"href":"https:\/\/www.a-zpaperwork.eu\/es\/wp-json\/wp\/v2\/pages\/43\/revisions"}],"predecessor-version":[{"id":390,"href":"https:\/\/www.a-zpaperwork.eu\/es\/wp-json\/wp\/v2\/pages\/43\/revisions\/390"}],"wp:attachment":[{"href":"https:\/\/www.a-zpaperwork.eu\/es\/wp-json\/wp\/v2\/media?parent=43"}],"curies":[{"name":"wp","href":"https:\/\/api.w.org\/{rel}","templated":true}]}}