{"id":50,"date":"2016-11-04T17:35:40","date_gmt":"2016-11-04T17:35:40","guid":{"rendered":"http:\/\/www.a-zpaperwork.eu\/?page_id=50"},"modified":"2017-11-19T18:13:06","modified_gmt":"2017-11-19T17:13:06","slug":"gestoria-extranjeria","status":"publish","type":"page","link":"https:\/\/www.a-zpaperwork.eu\/es\/gestoria-extranjeria\/","title":{"rendered":"Gestor\u00eda de Extranjer\u00eda y Nacionalidad"},"content":{"rendered":"<h1>Gesti\u00f3n de permisos de residencia y nacionalidad espa\u00f1ola<\/h1>\n<p><strong>A-Z PaperWork<\/strong> puede ayudarte tanto a ti como a tu familia en relaci\u00f3n a los tr\u00e1mites de extranjer\u00eda, permisos de residencia y solicitudes de la ciudadan\u00eda espa\u00f1ola.<\/p>\n<p>Nuestros servicios te servir\u00e1n para tramitar de una manera m\u00e1s \u00e1gil y eficaz tus <strong>tr\u00e1mites con la<\/strong> <strong>Oficina de Extranjer\u00eda del Ministerio<\/strong> del Interior.\u00a0 Consultar el estado de tus expedientes en la Oficina de Extranjer\u00eda\u00a0 expediente de extranjer\u00eda y estar <strong>asesorado en cada tr\u00e1mite<\/strong>, puede hacerte la vida m\u00e1s sencilla. Estos son algunos de nuestros servicios:<\/p>\n<ul>\n<li>Conseguir el NIE en el mismo d\u00eda<\/li>\n<li>Tarjeta de residente ciudadanos UE<\/li>\n<li>Tarjeta de residente ciudadanos no comunitarios<\/li>\n<li>Autorizaciones de regreso<\/li>\n<li>Permiso de residencia para inversores<\/li>\n<li>Permiso de trabajo extranjeros<\/li>\n<li>Tramitaci\u00f3n de documentos para casarse en Espa\u00f1a<\/li>\n<li>Tarjeta SIP para titulares y beneficiarios<\/li>\n<li>Tarjeta Sanitaria Europea<\/li>\n<li>Tramitaci\u00f3n de la nacionalidad espa\u00f1ola<\/li>\n<\/ul>\n<p><img loading=\"lazy\" decoding=\"async\" src=\"http:\/\/www.a-zpaperwork.eu\/wp-content\/uploads\/2016\/11\/servicios-extranjeria-azpaperwork.jpg\" alt=\"servicios-extranjeria-azpaperwork\" width=\"750\" height=\"500\" \/><\/p>\n<h2>Tarjeta de residente de ciudadanos europeos<\/h2>\n<p>Como ciudadano de la <strong>Uni\u00f3n Europea<\/strong> tienes la facultad de <strong>residir<\/strong> y <strong>trabajar<\/strong> en Espa\u00f1a, as\u00ed como en cualquier otro pa\u00eds comunitario. En cambio, tus familiares, si son extranjeros necesitas <strong>solicitar \u00a0y tramitar una tarjeta de residencia de familiar de ciudadano comunitario<\/strong>. Ponte en contacto con nosotros para averiguar c\u00f3mo podemos ayudarte en su <strong>gesti\u00f3n y tramitaci\u00f3n<\/strong>.<\/p>\n<h2>Permiso de residencia para ciudadanos extracomunitarios. Ciudadan\u00eda espa\u00f1ola.<\/h2>\n<p>Si eres un <strong>ciudadano extracomunitario<\/strong> \u00a0y quieres residir y trabajar en Espa\u00f1a podemos asesorarte con los <strong>tr\u00e1mites<\/strong> para conseguir un <strong>permiso de residencia o trabajo<\/strong>. As\u00ed como si deseas llevar a cabo una renovaci\u00f3n, o transformar una residencia temporal a <strong>una residencia de larga duraci\u00f3n<\/strong>. Asimismo, podemos ayudarte en tr\u00e1mites, en ocasiones, dif\u00edciles para extranjeros no residentes, tales como la <strong>apertura de cuentas bancarias<\/strong>, entre otros.<\/p>\n<p>Contacta con nosotros tambi\u00e9n para conocer los tr\u00e1mites en supuestos de autorizaciones de residencia por circunstancias excepcionales, como el <strong>arraigo<\/strong> <strong>laboral<\/strong>, <strong>social<\/strong> o <strong>familiar<\/strong>.<\/p>\n<p>En el caso de que seas un ciudadano extracomunitario que desea realizar una <strong>inversi\u00f3n de car\u00e1cter empresarial o inmobiliario<\/strong> en Espa\u00f1a, visita la secci\u00f3n dedicada al <strong>permiso de residencia para inversores <\/strong>para saber m\u00e1s acerca de nuestro servicio.<\/p>\n<h2>Gestor\u00eda de Nacionalidad Espa\u00f1ola<\/h2>\n<p>En <strong>A-Z PaperWork<\/strong> podemos ayudarte con los tr\u00e1mites relativos a la adquisici\u00f3n de la nacionalidad espa\u00f1ola. <strong>Solicitar la nacionalidad espa\u00f1ola<\/strong> puede ser un proceso dilatado en el tiempo en el que se necesita tener en regla todos los papeles necesarios y realizar correctamente cada tr\u00e1mite. No te la juegues y ponte en manos de una <strong>gestor\u00eda especializada<\/strong>.<\/p>\n<p>Podemos prestarte asesor\u00eda necesaria para que lleves a cabo de <strong>forma correcta y sin errores<\/strong> la tramitaci\u00f3n de los\u00a0 expedientes de opci\u00f3n o solicitud de nacionalidad espa\u00f1ola. Especialmente importante, es <strong>observar escrupulosamente todos los tr\u00e1mites legales<\/strong> que se realizan ante los distintos Consulados Espa\u00f1oles, ya que una gesti\u00f3n equivocada, o una <strong>interpretaci\u00f3n<\/strong> indebida de la norma, podr\u00edan acabar caus\u00e1ndote una tramitaci\u00f3n incorrecta y una <strong>denegaci\u00f3n de la solicitud de nacionalidad<\/strong>.<\/p>\n<h4 style=\"text-align: center;\">\u00bfTienes alguna pregunta? Env\u00edanos un mensaje<\/h4>\n","protected":false},"excerpt":{"rendered":"<p>Gesti\u00f3n de permisos de residencia y nacionalidad espa\u00f1ola A-Z PaperWork puede ayudarte tanto a ti como a tu familia en relaci\u00f3n a los tr\u00e1mites de extranjer\u00eda, permisos de residencia y solicitudes de la ciudadan\u00eda espa\u00f1ola. Nuestros servicios te servir\u00e1n para tramitar de una manera m\u00e1s \u00e1gil y eficaz tus tr\u00e1mites con la Oficina de Extranjer\u00eda&hellip;<\/p>\n","protected":false},"author":2,"featured_media":0,"parent":0,"menu_order":0,"comment_status":"closed","ping_status":"closed","template":"","meta":{"_monsterinsights_skip_tracking":false,"_monsterinsights_sitenote_active":false,"_monsterinsights_sitenote_note":"","_monsterinsights_sitenote_category":0,"footnotes":""},"class_list":["post-50","page","type-page","status-publish","hentry"],"yoast_head":"<!-- This site is optimized with the Yoast SEO plugin v21.8.1 - https:\/\/yoast.com\/wordpress\/plugins\/seo\/ -->\n<title>Gestor\u00eda de Extranjer\u00eda | Residencia &amp; Ciudadan\u00eda | Alicante<\/title>\n<meta name=\"description\" content=\"Podemos ayudarte tanto a ti como a tu familia en relaci\u00f3n a los tr\u00e1mites de extranjer\u00eda, permisos de residencia y solicitudes de la ciudadan\u00eda espa\u00f1ola.\" \/>\n<meta name=\"robots\" content=\"index, follow, max-snippet:-1, max-image-preview:large, max-video-preview:-1\" \/>\n<link rel=\"canonical\" href=\"https:\/\/www.a-zpaperwork.eu\/es\/gestoria-extranjeria\/\" \/>\n<meta property=\"og:locale\" content=\"es_ES\" \/>\n<meta property=\"og:type\" content=\"article\" \/>\n<meta property=\"og:title\" content=\"Gestor\u00eda de Extranjer\u00eda | Residencia &amp; Ciudadan\u00eda | Alicante\" \/>\n<meta property=\"og:description\" content=\"Podemos ayudarte tanto a ti como a tu familia en relaci\u00f3n a los tr\u00e1mites de extranjer\u00eda, permisos de residencia y solicitudes de la ciudadan\u00eda espa\u00f1ola.\" \/>\n<meta property=\"og:url\" content=\"https:\/\/www.a-zpaperwork.eu\/es\/gestoria-extranjeria\/\" \/>\n<meta property=\"og:site_name\" content=\"A-Z Paperwork\" \/>\n<meta property=\"article:modified_time\" content=\"2017-11-19T17:13:06+00:00\" \/>\n<meta property=\"og:image\" content=\"http:\/\/www.a-zpaperwork.eu\/wp-content\/uploads\/2016\/11\/servicios-extranjeria-azpaperwork.jpg\" \/>\n<meta name=\"twitter:card\" content=\"summary_large_image\" \/>\n<meta name=\"twitter:label1\" content=\"Tiempo de lectura\" \/>\n\t<meta name=\"twitter:data1\" content=\"3 minutos\" \/>\n<script type=\"application\/ld+json\" class=\"yoast-schema-graph\">{\"@context\":\"https:\/\/schema.org\",\"@graph\":[{\"@type\":\"WebPage\",\"@id\":\"https:\/\/www.a-zpaperwork.eu\/es\/gestoria-extranjeria\/\",\"url\":\"https:\/\/www.a-zpaperwork.eu\/es\/gestoria-extranjeria\/\",\"name\":\"Gestor\u00eda de Extranjer\u00eda | Residencia & Ciudadan\u00eda | Alicante\",\"isPartOf\":{\"@id\":\"https:\/\/www.a-zpaperwork.eu\/#website\"},\"datePublished\":\"2016-11-04T17:35:40+00:00\",\"dateModified\":\"2017-11-19T17:13:06+00:00\",\"description\":\"Podemos ayudarte tanto a ti como a tu familia en relaci\u00f3n a los tr\u00e1mites de extranjer\u00eda, permisos de residencia y solicitudes de la ciudadan\u00eda espa\u00f1ola.\",\"breadcrumb\":{\"@id\":\"https:\/\/www.a-zpaperwork.eu\/es\/gestoria-extranjeria\/#breadcrumb\"},\"inLanguage\":\"es\",\"potentialAction\":[{\"@type\":\"ReadAction\",\"target\":[\"https:\/\/www.a-zpaperwork.eu\/es\/gestoria-extranjeria\/\"]}]},{\"@type\":\"BreadcrumbList\",\"@id\":\"https:\/\/www.a-zpaperwork.eu\/es\/gestoria-extranjeria\/#breadcrumb\",\"itemListElement\":[{\"@type\":\"ListItem\",\"position\":1,\"name\":\"Home\",\"item\":\"https:\/\/www.a-zpaperwork.eu\/es\/\"},{\"@type\":\"ListItem\",\"position\":2,\"name\":\"Gestor\u00eda de Extranjer\u00eda y Nacionalidad\"}]},{\"@type\":\"WebSite\",\"@id\":\"https:\/\/www.a-zpaperwork.eu\/#website\",\"url\":\"https:\/\/www.a-zpaperwork.eu\/\",\"name\":\"A-Z Paperwork\",\"description\":\"Asesores | Advisors | Alicante\",\"potentialAction\":[{\"@type\":\"SearchAction\",\"target\":{\"@type\":\"EntryPoint\",\"urlTemplate\":\"https:\/\/www.a-zpaperwork.eu\/?s={search_term_string}\"},\"query-input\":\"required name=search_term_string\"}],\"inLanguage\":\"es\"}]}<\/script>\n<!-- \/ Yoast SEO plugin. -->","yoast_head_json":{"title":"Gestor\u00eda de Extranjer\u00eda | Residencia & Ciudadan\u00eda | Alicante","description":"Podemos ayudarte tanto a ti como a tu familia en relaci\u00f3n a los tr\u00e1mites de extranjer\u00eda, permisos de residencia y solicitudes de la ciudadan\u00eda espa\u00f1ola.","robots":{"index":"index","follow":"follow","max-snippet":"max-snippet:-1","max-image-preview":"max-image-preview:large","max-video-preview":"max-video-preview:-1"},"canonical":"https:\/\/www.a-zpaperwork.eu\/es\/gestoria-extranjeria\/","og_locale":"es_ES","og_type":"article","og_title":"Gestor\u00eda de Extranjer\u00eda | Residencia & Ciudadan\u00eda | Alicante","og_description":"Podemos ayudarte tanto a ti como a tu familia en relaci\u00f3n a los tr\u00e1mites de extranjer\u00eda, permisos de residencia y solicitudes de la ciudadan\u00eda espa\u00f1ola.","og_url":"https:\/\/www.a-zpaperwork.eu\/es\/gestoria-extranjeria\/","og_site_name":"A-Z Paperwork","article_modified_time":"2017-11-19T17:13:06+00:00","og_image":[{"url":"http:\/\/www.a-zpaperwork.eu\/wp-content\/uploads\/2016\/11\/servicios-extranjeria-azpaperwork.jpg"}],"twitter_card":"summary_large_image","twitter_misc":{"Tiempo de lectura":"3 minutos"},"schema":{"@context":"https:\/\/schema.org","@graph":[{"@type":"WebPage","@id":"https:\/\/www.a-zpaperwork.eu\/es\/gestoria-extranjeria\/","url":"https:\/\/www.a-zpaperwork.eu\/es\/gestoria-extranjeria\/","name":"Gestor\u00eda de Extranjer\u00eda | Residencia & Ciudadan\u00eda | Alicante","isPartOf":{"@id":"https:\/\/www.a-zpaperwork.eu\/#website"},"datePublished":"2016-11-04T17:35:40+00:00","dateModified":"2017-11-19T17:13:06+00:00","description":"Podemos ayudarte tanto a ti como a tu familia en relaci\u00f3n a los tr\u00e1mites de extranjer\u00eda, permisos de residencia y solicitudes de la ciudadan\u00eda espa\u00f1ola.","breadcrumb":{"@id":"https:\/\/www.a-zpaperwork.eu\/es\/gestoria-extranjeria\/#breadcrumb"},"inLanguage":"es","potentialAction":[{"@type":"ReadAction","target":["https:\/\/www.a-zpaperwork.eu\/es\/gestoria-extranjeria\/"]}]},{"@type":"BreadcrumbList","@id":"https:\/\/www.a-zpaperwork.eu\/es\/gestoria-extranjeria\/#breadcrumb","itemListElement":[{"@type":"ListItem","position":1,"name":"Home","item":"https:\/\/www.a-zpaperwork.eu\/es\/"},{"@type":"ListItem","position":2,"name":"Gestor\u00eda de Extranjer\u00eda y Nacionalidad"}]},{"@type":"WebSite","@id":"https:\/\/www.a-zpaperwork.eu\/#website","url":"https:\/\/www.a-zpaperwork.eu\/","name":"A-Z Paperwork","description":"Asesores | Advisors | Alicante","potentialAction":[{"@type":"SearchAction","target":{"@type":"EntryPoint","urlTemplate":"https:\/\/www.a-zpaperwork.eu\/?s={search_term_string}"},"query-input":"required name=search_term_string"}],"inLanguage":"es"}]}},"_links":{"self":[{"href":"https:\/\/www.a-zpaperwork.eu\/es\/wp-json\/wp\/v2\/pages\/50","targetHints":{"allow":["GET"]}}],"collection":[{"href":"https:\/\/www.a-zpaperwork.eu\/es\/wp-json\/wp\/v2\/pages"}],"about":[{"href":"https:\/\/www.a-zpaperwork.eu\/es\/wp-json\/wp\/v2\/types\/page"}],"author":[{"embeddable":true,"href":"https:\/\/www.a-zpaperwork.eu\/es\/wp-json\/wp\/v2\/users\/2"}],"replies":[{"embeddable":true,"href":"https:\/\/www.a-zpaperwork.eu\/es\/wp-json\/wp\/v2\/comments?post=50"}],"version-history":[{"count":11,"href":"https:\/\/www.a-zpaperwork.eu\/es\/wp-json\/wp\/v2\/pages\/50\/revisions"}],"predecessor-version":[{"id":388,"href":"https:\/\/www.a-zpaperwork.eu\/es\/wp-json\/wp\/v2\/pages\/50\/revisions\/388"}],"wp:attachment":[{"href":"https:\/\/www.a-zpaperwork.eu\/es\/wp-json\/wp\/v2\/media?parent=50"}],"curies":[{"name":"wp","href":"https:\/\/api.w.org\/{rel}","templated":true}]}}