{"id":54,"date":"2016-11-04T17:39:48","date_gmt":"2016-11-04T16:39:48","guid":{"rendered":"http:\/\/www.a-zpaperwork.eu\/?page_id=54"},"modified":"2020-10-21T15:55:07","modified_gmt":"2020-10-21T14:55:07","slug":"asesoria-fiscal-internacional","status":"publish","type":"page","link":"https:\/\/www.a-zpaperwork.eu\/es\/asesoria-fiscal-internacional\/","title":{"rendered":"Asesor\u00eda Fiscal Internacional para Extranjeros"},"content":{"rendered":"<h1>Asesores fiscales internacionales para expatriados<\/h1>\n<p><strong>A-Z Paperwork<\/strong> proporciona servicios de <strong>asesoramiento jur\u00eddico y fiscal internacional<\/strong>, as\u00ed como de gesti\u00f3n integral de tu <strong>fiscalidad<\/strong> y la de tus <strong>empresas<\/strong>. El asesoramiento legal y fiscal a expatriados es una de las <strong>especialidades<\/strong> de nuestros abogados y asesores, y \u00a0uno de los puntos m\u00e1s sensibles de una empresa para <strong>evitar la doble imposici\u00f3n internacional<\/strong>. En concreto, podemos prestarte nuestros servicios de asesoramiento en relaci\u00f3n a:<\/p>\n<ul>\n<li>Impuesto sobre la <strong>Renta<\/strong> de los No Residentes<\/li>\n<li>Impuesto de <strong>Sucesiones<\/strong> de No Residentes<\/li>\n<li>Creaci\u00f3n de <strong>Sociedades Limitadas<\/strong><\/li>\n<li>Declaraci\u00f3n de la <strong>Renta<\/strong> de <strong>Residentes<\/strong><\/li>\n<li>Pagos de <strong>impuestos trimestrales<\/strong> de aut\u00f3nomos y empresas<\/li>\n<li><strong>Planificaci\u00f3n fiscal<\/strong> internacional<\/li>\n<li><strong>Fusiones<\/strong> y <strong>adquisiciones<\/strong><\/li>\n<li><strong>Comercio electr\u00f3nico<\/strong><\/li>\n<\/ul>\n<p><img loading=\"lazy\" decoding=\"async\" src=\"http:\/\/www.a-zpaperwork.eu\/wp-content\/uploads\/2016\/11\/servicios-asesoria-fiscal-azpaperwork.jpg\" alt=\"servicios-asesoria-fiscal-azpaperwork\" width=\"750\" height=\"500\" \/><\/p>\n<h2>Impuesto sobre la Renta de No residentes<\/h2>\n<p>El <strong>Impuesto sobre la Renta de No Residentes<\/strong> es un impuesto de que grava la obtenci\u00f3n de rentas de los expatriados en Espa\u00f1a, ya se trate por medio de un <strong>establecimiento permanente<\/strong>, caso en el cual est\u00e1n sujetas la totalidad de las rentas obtenidas mediante el mismo, o sin establecimiento permanente, supuesto en el cual solo quedan sujetas las rentas obtenidas en el territorio espa\u00f1ol, y no las obtenidas en el extranjero. Asimismo, est\u00e1n sujetos al Impuesto sobre la Renta de No Residentes y al <strong>Impuesto sobre Bienes Inmuebles<\/strong> (tambi\u00e9n conocido como <strong>IBI<\/strong>), aquellos que posean alg\u00fan <strong>inmueble urbano<\/strong>.<\/p>\n<p>Los expatriados sujetos al impuesto, pueden <strong>designar voluntariamente a un representante<\/strong> frente a la <strong>Administraci\u00f3n Tributaria<\/strong> espa\u00f1ola (salvo en los casos de residentes de pa\u00edses sin un intercambio efectivo de informaci\u00f3n tributaria, supuesto en el que es <strong>obligatorio<\/strong>). Designando a <strong>A-Z Paperwork<\/strong> como tus <strong>representantes<\/strong> gozar\u00e1s de la <strong>tranquilidad<\/strong> de saber que un equipo profesional y con <strong>experiencia<\/strong> gestiona tus relaciones con la hacienda p\u00fablica espa\u00f1ola.<\/p>\n<h2>Impuestos de Sucesiones y Donaciones de No Residentes<\/h2>\n<p>El <strong>Impuestos sobre Sucesiones y Donaciones de No residentes<\/strong> es uno de los impuestos que m\u00e1s dolores de cabeza generan a los contribuyentes. Se trata de un impuesto sobre el cual las <strong>Comunidades Aut\u00f3nomas<\/strong> espa\u00f1olas tienen amplias competencias, raz\u00f3n por la cual la cantidad a pagar por <strong>heredar en Espa\u00f1a<\/strong> puede variar en funci\u00f3n de si las personas herederas viven en un lugar u otro de Espa\u00f1a. Existen hasta 20 reg\u00edmenes de tributaci\u00f3n distintos en relaci\u00f3n a este impuesto. La ley establece que en principio los no residentes deben tributar en base al r\u00e9gimen que dispone la <strong>normativa estatal<\/strong>, la cual es m\u00e1s gravosa que el resto de reg\u00edmenes de auton\u00f3micos. Pese a ello, la jurisprudencia creada por el <strong>Tribunal de Justicia Europeo<\/strong> ha obligado a la hacienda espa\u00f1ola a adaptar los preceptos aplicables para los ciudadanos residentes en le Uni\u00f3n Europea y no incurrir as\u00ed en un caso de discriminaci\u00f3n.<\/p>\n<p>Si eres un <strong>ciudadano no residente<\/strong> y est\u00e1s pensando en aceptar una herencia en Espa\u00f1a, ponte en contacto con <strong>A-Z Paperwork<\/strong>. Estaremos encantados de poder <strong>ayudarte y asesorarte<\/strong> en la <strong>gesti\u00f3n y planificaci\u00f3n<\/strong> de tu tributaci\u00f3n en Espa\u00f1a.<\/p>\n<h4 style=\"text-align: center;\">\u00bfTienes alguna pregunta? Env\u00edanos un mensaje<\/h4>\n","protected":false},"excerpt":{"rendered":"<p>Asesores fiscales internacionales para expatriados A-Z Paperwork proporciona servicios de asesoramiento jur\u00eddico y fiscal internacional, as\u00ed como de gesti\u00f3n integral de tu fiscalidad y la de tus empresas. El asesoramiento legal y fiscal a expatriados es una de las especialidades de nuestros abogados y asesores, y \u00a0uno de los puntos m\u00e1s sensibles de una empresa&hellip;<\/p>\n","protected":false},"author":3,"featured_media":0,"parent":0,"menu_order":0,"comment_status":"closed","ping_status":"closed","template":"","meta":{"_monsterinsights_skip_tracking":false,"_monsterinsights_sitenote_active":false,"_monsterinsights_sitenote_note":"","_monsterinsights_sitenote_category":0,"footnotes":""},"class_list":["post-54","page","type-page","status-publish","hentry"],"yoast_head":"<!-- This site is optimized with the Yoast SEO plugin v21.8.1 - https:\/\/yoast.com\/wordpress\/plugins\/seo\/ -->\n<title>Asesor\u00eda Fiscal Internacional | Expatriados | Alicante<\/title>\n<meta name=\"description\" content=\"Servicios de asesoramiento jur\u00eddico y fiscal internacional, as\u00ed como la gesti\u00f3n integral de tu fiscalidad y la de tus empresas. Asesor\u00eda fiscal\" \/>\n<meta name=\"robots\" content=\"index, follow, max-snippet:-1, max-image-preview:large, max-video-preview:-1\" \/>\n<link rel=\"canonical\" href=\"https:\/\/www.a-zpaperwork.eu\/es\/asesoria-fiscal-internacional\/\" \/>\n<meta property=\"og:locale\" content=\"es_ES\" \/>\n<meta property=\"og:type\" content=\"article\" \/>\n<meta property=\"og:title\" content=\"Asesor\u00eda Fiscal Internacional | Expatriados | Alicante\" \/>\n<meta property=\"og:description\" content=\"Servicios de asesoramiento jur\u00eddico y fiscal internacional, as\u00ed como la gesti\u00f3n integral de tu fiscalidad y la de tus empresas. Asesor\u00eda fiscal\" \/>\n<meta property=\"og:url\" content=\"https:\/\/www.a-zpaperwork.eu\/es\/asesoria-fiscal-internacional\/\" \/>\n<meta property=\"og:site_name\" content=\"A-Z Paperwork\" \/>\n<meta property=\"article:modified_time\" content=\"2020-10-21T14:55:07+00:00\" \/>\n<meta property=\"og:image\" content=\"http:\/\/www.a-zpaperwork.eu\/wp-content\/uploads\/2016\/11\/servicios-asesoria-fiscal-azpaperwork.jpg\" \/>\n<meta name=\"twitter:card\" content=\"summary_large_image\" \/>\n<meta name=\"twitter:label1\" content=\"Tiempo de lectura\" \/>\n\t<meta name=\"twitter:data1\" content=\"3 minutos\" \/>\n<script type=\"application\/ld+json\" class=\"yoast-schema-graph\">{\"@context\":\"https:\/\/schema.org\",\"@graph\":[{\"@type\":\"WebPage\",\"@id\":\"https:\/\/www.a-zpaperwork.eu\/es\/asesoria-fiscal-internacional\/\",\"url\":\"https:\/\/www.a-zpaperwork.eu\/es\/asesoria-fiscal-internacional\/\",\"name\":\"Asesor\u00eda Fiscal Internacional | Expatriados | Alicante\",\"isPartOf\":{\"@id\":\"https:\/\/www.a-zpaperwork.eu\/#website\"},\"datePublished\":\"2016-11-04T16:39:48+00:00\",\"dateModified\":\"2020-10-21T14:55:07+00:00\",\"description\":\"Servicios de asesoramiento jur\u00eddico y fiscal internacional, as\u00ed como la gesti\u00f3n integral de tu fiscalidad y la de tus empresas. Asesor\u00eda fiscal\",\"breadcrumb\":{\"@id\":\"https:\/\/www.a-zpaperwork.eu\/es\/asesoria-fiscal-internacional\/#breadcrumb\"},\"inLanguage\":\"es\",\"potentialAction\":[{\"@type\":\"ReadAction\",\"target\":[\"https:\/\/www.a-zpaperwork.eu\/es\/asesoria-fiscal-internacional\/\"]}]},{\"@type\":\"BreadcrumbList\",\"@id\":\"https:\/\/www.a-zpaperwork.eu\/es\/asesoria-fiscal-internacional\/#breadcrumb\",\"itemListElement\":[{\"@type\":\"ListItem\",\"position\":1,\"name\":\"Home\",\"item\":\"https:\/\/www.a-zpaperwork.eu\/es\/\"},{\"@type\":\"ListItem\",\"position\":2,\"name\":\"Asesor\u00eda Fiscal Internacional para Extranjeros\"}]},{\"@type\":\"WebSite\",\"@id\":\"https:\/\/www.a-zpaperwork.eu\/#website\",\"url\":\"https:\/\/www.a-zpaperwork.eu\/\",\"name\":\"A-Z Paperwork\",\"description\":\"Asesores | Advisors | Alicante\",\"potentialAction\":[{\"@type\":\"SearchAction\",\"target\":{\"@type\":\"EntryPoint\",\"urlTemplate\":\"https:\/\/www.a-zpaperwork.eu\/?s={search_term_string}\"},\"query-input\":\"required name=search_term_string\"}],\"inLanguage\":\"es\"}]}<\/script>\n<!-- \/ Yoast SEO plugin. -->","yoast_head_json":{"title":"Asesor\u00eda Fiscal Internacional | Expatriados | Alicante","description":"Servicios de asesoramiento jur\u00eddico y fiscal internacional, as\u00ed como la gesti\u00f3n integral de tu fiscalidad y la de tus empresas. Asesor\u00eda fiscal","robots":{"index":"index","follow":"follow","max-snippet":"max-snippet:-1","max-image-preview":"max-image-preview:large","max-video-preview":"max-video-preview:-1"},"canonical":"https:\/\/www.a-zpaperwork.eu\/es\/asesoria-fiscal-internacional\/","og_locale":"es_ES","og_type":"article","og_title":"Asesor\u00eda Fiscal Internacional | Expatriados | Alicante","og_description":"Servicios de asesoramiento jur\u00eddico y fiscal internacional, as\u00ed como la gesti\u00f3n integral de tu fiscalidad y la de tus empresas. Asesor\u00eda fiscal","og_url":"https:\/\/www.a-zpaperwork.eu\/es\/asesoria-fiscal-internacional\/","og_site_name":"A-Z Paperwork","article_modified_time":"2020-10-21T14:55:07+00:00","og_image":[{"url":"http:\/\/www.a-zpaperwork.eu\/wp-content\/uploads\/2016\/11\/servicios-asesoria-fiscal-azpaperwork.jpg"}],"twitter_card":"summary_large_image","twitter_misc":{"Tiempo de lectura":"3 minutos"},"schema":{"@context":"https:\/\/schema.org","@graph":[{"@type":"WebPage","@id":"https:\/\/www.a-zpaperwork.eu\/es\/asesoria-fiscal-internacional\/","url":"https:\/\/www.a-zpaperwork.eu\/es\/asesoria-fiscal-internacional\/","name":"Asesor\u00eda Fiscal Internacional | Expatriados | Alicante","isPartOf":{"@id":"https:\/\/www.a-zpaperwork.eu\/#website"},"datePublished":"2016-11-04T16:39:48+00:00","dateModified":"2020-10-21T14:55:07+00:00","description":"Servicios de asesoramiento jur\u00eddico y fiscal internacional, as\u00ed como la gesti\u00f3n integral de tu fiscalidad y la de tus empresas. Asesor\u00eda fiscal","breadcrumb":{"@id":"https:\/\/www.a-zpaperwork.eu\/es\/asesoria-fiscal-internacional\/#breadcrumb"},"inLanguage":"es","potentialAction":[{"@type":"ReadAction","target":["https:\/\/www.a-zpaperwork.eu\/es\/asesoria-fiscal-internacional\/"]}]},{"@type":"BreadcrumbList","@id":"https:\/\/www.a-zpaperwork.eu\/es\/asesoria-fiscal-internacional\/#breadcrumb","itemListElement":[{"@type":"ListItem","position":1,"name":"Home","item":"https:\/\/www.a-zpaperwork.eu\/es\/"},{"@type":"ListItem","position":2,"name":"Asesor\u00eda Fiscal Internacional para Extranjeros"}]},{"@type":"WebSite","@id":"https:\/\/www.a-zpaperwork.eu\/#website","url":"https:\/\/www.a-zpaperwork.eu\/","name":"A-Z Paperwork","description":"Asesores | Advisors | Alicante","potentialAction":[{"@type":"SearchAction","target":{"@type":"EntryPoint","urlTemplate":"https:\/\/www.a-zpaperwork.eu\/?s={search_term_string}"},"query-input":"required name=search_term_string"}],"inLanguage":"es"}]}},"_links":{"self":[{"href":"https:\/\/www.a-zpaperwork.eu\/es\/wp-json\/wp\/v2\/pages\/54","targetHints":{"allow":["GET"]}}],"collection":[{"href":"https:\/\/www.a-zpaperwork.eu\/es\/wp-json\/wp\/v2\/pages"}],"about":[{"href":"https:\/\/www.a-zpaperwork.eu\/es\/wp-json\/wp\/v2\/types\/page"}],"author":[{"embeddable":true,"href":"https:\/\/www.a-zpaperwork.eu\/es\/wp-json\/wp\/v2\/users\/3"}],"replies":[{"embeddable":true,"href":"https:\/\/www.a-zpaperwork.eu\/es\/wp-json\/wp\/v2\/comments?post=54"}],"version-history":[{"count":16,"href":"https:\/\/www.a-zpaperwork.eu\/es\/wp-json\/wp\/v2\/pages\/54\/revisions"}],"predecessor-version":[{"id":432,"href":"https:\/\/www.a-zpaperwork.eu\/es\/wp-json\/wp\/v2\/pages\/54\/revisions\/432"}],"wp:attachment":[{"href":"https:\/\/www.a-zpaperwork.eu\/es\/wp-json\/wp\/v2\/media?parent=54"}],"curies":[{"name":"wp","href":"https:\/\/api.w.org\/{rel}","templated":true}]}}