{"id":66,"date":"2016-11-06T15:59:14","date_gmt":"2016-11-06T15:59:14","guid":{"rendered":"http:\/\/www.a-zpaperwork.eu\/?page_id=66"},"modified":"2023-04-01T17:51:53","modified_gmt":"2023-04-01T16:51:53","slug":"es","status":"publish","type":"page","link":"https:\/\/www.a-zpaperwork.eu\/es\/","title":{"rendered":"Inicio"},"content":{"rendered":"\n<h2>\n\t\t\u00abResolvemos tu papeleo, para que t\u00fa puedas dedicarte a lo que m\u00e1s te importa\u00bb\n\t<\/h2>\n\t <a href=\"tel:637 37 60 21\"><b>637 37 60 61<\/b><\/a> <br> \n\t\t<h1>\n\t\t\tServicios de A-Z Paperwork\n\t\t<\/h1>\n\t\t\t<p>\u00bfNecesitas alguien de confianza para ayudarte con el papeleo? Sigue navegando para conocer todo en lo que <strong>podemos ayudarte<\/strong>.<\/p>\n\t\t\t\t<a href=\"http:\/\/www.a-zpaperwork.eu\/asesoria-compraventa-vivienda\/\" target=\"_self\" itemprop=\"url\" rel=\"noopener\">\n\t\t\t\t<img loading=\"lazy\" decoding=\"async\" src=\"http:\/\/www.a-zpaperwork.eu\/wp-content\/uploads\/2016\/11\/tramites-compraventa-vivienda-azpaperwork.jpg\" alt=\"tramites-compraventa-vivienda-azpaperwork\" itemprop=\"image\" height=\"2592\" width=\"3872\" title=\"tramites-compraventa-vivienda-azpaperwork\" onerror=\"this.style.display='none'\">\n\t\t\t\t<\/a>\n\t<h3><strong>Compraventa de Inmuebles<\/strong><\/h3>\n<p>Representaci\u00f3n legal y gesti\u00f3n de los tr\u00e1mites legales<\/p>\n\t\t\t\t<a href=\"http:\/\/www.a-zpaperwork.eu\/asesoria-fiscal-internacional\/\" target=\"_self\" itemprop=\"url\" rel=\"noopener\">\n\t\t\t\t<img loading=\"lazy\" decoding=\"async\" src=\"http:\/\/www.a-zpaperwork.eu\/wp-content\/uploads\/2016\/11\/asesoria-fiscal-azpaperwork.jpg\" alt=\"asesoria-fiscal-azpaperwork\" itemprop=\"image\" height=\"3456\" width=\"5184\" title=\"asesoria-fiscal-azpaperwork\" onerror=\"this.style.display='none'\">\n\t\t\t\t<\/a>\n\t<h3><strong>Asesor\u00eda Fiscal Internacional<\/strong><\/h3>\n<p>Impuesto sobre la Renta de No Residentes y fiscalidad internacional<\/p>\n\t\t\t\t<a href=\"http:\/\/www.a-zpaperwork.eu\/gestoria-extranjeria\/\" target=\"_self\" itemprop=\"url\" rel=\"noopener\">\n\t\t\t\t<img loading=\"lazy\" decoding=\"async\" src=\"http:\/\/www.a-zpaperwork.eu\/wp-content\/uploads\/2016\/11\/extranjeria-azpaperwork.jpg\" alt=\"extranjeria-azpaperwork\" itemprop=\"image\" height=\"3000\" width=\"4500\" title=\"extranjeria-azpaperwork\" onerror=\"this.style.display='none'\">\n\t\t\t\t<\/a>\n\t<h3><strong>Extranjer\u00eda y Nacionalidad<\/strong><\/h3>\n<p>Tramitaci\u00f3n de permisos de trabajo, residencia o nacionalidad espa\u00f1ola<\/p>\n\t\t\t\t<a href=\"http:\/\/www.a-zpaperwork.eu\/golden-visa\/\" target=\"_self\" itemprop=\"url\" rel=\"noopener\">\n\t\t\t\t<img loading=\"lazy\" decoding=\"async\" src=\"http:\/\/www.a-zpaperwork.eu\/wp-content\/uploads\/2016\/11\/golden-visa-azpaperwork.jpg\" alt=\"golden-visa-azpaperwork\" itemprop=\"image\" height=\"3000\" width=\"4512\" title=\"golden-visa-azpaperwork\" onerror=\"this.style.display='none'\">\n\t\t\t\t<\/a>\n\t<h3><strong>Golden Visa<\/strong><\/h3>\n<p>Gesti\u00f3n y tramitaci\u00f3n de expedientes del Permiso de Residencia Oro para inversores<\/p>\n\t\t\t\t<a href=\"http:\/\/www.a-zpaperwork.eu\/gestoria-herencias\/\" target=\"_self\" itemprop=\"url\" rel=\"noopener\">\n\t\t\t\t<img loading=\"lazy\" decoding=\"async\" src=\"http:\/\/www.a-zpaperwork.eu\/wp-content\/uploads\/2016\/11\/herencias-azpaperwork.jpg\" alt=\"herencias-azpaperwork\" itemprop=\"image\" height=\"3072\" width=\"4608\" title=\"herencias-azpaperwork\" onerror=\"this.style.display='none'\">\n\t\t\t\t<\/a>\n\t<h3><strong>Herencias y Sucesiones<\/strong><\/h3>\n<p>Tramitaci\u00f3n y gesti\u00f3n&nbsp;del testamento y el proceso sucesorio<\/p>\n\t\t\t\t<a href=\"http:\/\/www.a-zpaperwork.eu\/gestoria-trafico-vehiculos\/\" target=\"_self\" itemprop=\"url\" rel=\"noopener\">\n\t\t\t\t<img loading=\"lazy\" decoding=\"async\" src=\"http:\/\/www.a-zpaperwork.eu\/wp-content\/uploads\/2016\/11\/gestoria-trafico-azpaperwork.jpg\" alt=\"gestoria-trafico-azpaperwork\" itemprop=\"image\" height=\"3864\" width=\"5152\" title=\"gestoria-trafico-azpaperwork\" onerror=\"this.style.display='none'\">\n\t\t\t\t<\/a>\n\t<h3><strong>Tr\u00e1fico &#8211; Veh\u00edculos<\/strong><\/h3>\n<p>Gesti\u00f3n de expedientes de transmisi\u00f3n de veh\u00edculos y permisos de&nbsp;conducir<\/p>\n\t\t\t\t<a href=\"http:\/\/www.a-zpaperwork.eu\/traductor-jurado\/\" target=\"_self\" itemprop=\"url\" rel=\"noopener\">\n\t\t\t\t<img loading=\"lazy\" decoding=\"async\" src=\"http:\/\/www.a-zpaperwork.eu\/wp-content\/uploads\/2016\/11\/traducciones-juradas-azpaperworj.jpg\" alt=\"traducciones-juradas-azpaperworj\" itemprop=\"image\" height=\"2384\" width=\"4240\" title=\"traducciones-juradas-azpaperworj\" onerror=\"this.style.display='none'\">\n\t\t\t\t<\/a>\n\t<h3><strong>Traductores Jurados<\/strong><\/h3>\n<p>Servicio de traducciones juradas para documentos y tr\u00e1mites ante organismos oficiales<\/p>\n\t\t\t<a href=\"https:\/\/goo.gl\/maps\/RcwUZTCxyoj8XGhr8\" target=\"_self\" rel=\"noopener\">\n\t\t<h4>VIS\u00cdTANOS<\/h4>\n\t\t\t<p>Vis\u00edtanos, estaremos encantados de ayudarte.&nbsp;<strong>Calle Casta\u00f1os N\u00ba 9 &#8211; Primero &#8211; Of.3&nbsp; 03001 &#8211;&nbsp; Alicante&nbsp;<\/strong><\/p>\t\t\n\t\t<\/a>\n\t\t\t<a href=\"tel:659934933\" target=\"_self\" rel=\"noopener\">\n\t\t<h4>LL\u00c1MANOS<\/h4>\n\t\t\t<p>Tambi\u00e9n puedes ponerte en contacto con nosotros durante el horario de oficina.&nbsp;<strong>(+34) 637 37 60 21<\/strong><\/p>\t\t\n\t\t<\/a>\n\t\t<h4>ESCR\u00cdBENOS<\/h4>\n\t\t\t<p>No dudes en escribirnos un email en cualquier momento, ante cualquier pregunta.<strong>alina@a-zpaperwork.eu<\/strong><\/p>\n","protected":false},"excerpt":{"rendered":"<p>\u00abResolvemos tu papeleo, para que t\u00fa puedas dedicarte a lo que m\u00e1s te importa\u00bb 637 37 60 61 Servicios de A-Z Paperwork \u00bfNecesitas alguien de confianza para ayudarte con el papeleo? Sigue navegando para conocer todo en lo que podemos ayudarte. Compraventa de Inmuebles Representaci\u00f3n legal y gesti\u00f3n de los tr\u00e1mites legales Asesor\u00eda Fiscal Internacional&hellip;<\/p>\n","protected":false},"author":2,"featured_media":0,"parent":0,"menu_order":0,"comment_status":"closed","ping_status":"closed","template":"","meta":{"_monsterinsights_skip_tracking":false,"_monsterinsights_sitenote_active":false,"_monsterinsights_sitenote_note":"","_monsterinsights_sitenote_category":0,"footnotes":""},"class_list":["post-66","page","type-page","status-publish","hentry"],"yoast_head":"<!-- This site is optimized with the Yoast SEO plugin v21.8.1 - https:\/\/yoast.com\/wordpress\/plugins\/seo\/ -->\n<title>A-Z Paperwork | Asesor\u00eda en Alicante | Fiscal e Internacional<\/title>\n<meta name=\"description\" content=\"Nos encargamos de todo tu papeleo para que tu puedas dedicarte a lo que mas te importa. Asesor\u00eda en Alicante. Fiscal e Internacional.\" \/>\n<meta name=\"robots\" content=\"index, follow, max-snippet:-1, max-image-preview:large, max-video-preview:-1\" \/>\n<link rel=\"canonical\" href=\"https:\/\/www.a-zpaperwork.eu\/es\/\" \/>\n<meta property=\"og:locale\" content=\"es_ES\" \/>\n<meta property=\"og:type\" content=\"article\" \/>\n<meta property=\"og:title\" content=\"A-Z Paperwork | Asesor\u00eda en Alicante | Fiscal e Internacional\" \/>\n<meta property=\"og:description\" content=\"Nos encargamos de todo tu papeleo para que tu puedas dedicarte a lo que mas te importa. Asesor\u00eda en Alicante. Fiscal e Internacional.\" \/>\n<meta property=\"og:url\" content=\"https:\/\/www.a-zpaperwork.eu\/es\/\" \/>\n<meta property=\"og:site_name\" content=\"A-Z Paperwork\" \/>\n<meta property=\"article:modified_time\" content=\"2023-04-01T16:51:53+00:00\" \/>\n<meta property=\"og:image\" content=\"http:\/\/www.a-zpaperwork.eu\/wp-content\/uploads\/2016\/11\/tramites-compraventa-vivienda-azpaperwork.jpg\" \/>\n<meta name=\"twitter:card\" content=\"summary_large_image\" \/>\n<script type=\"application\/ld+json\" class=\"yoast-schema-graph\">{\"@context\":\"https:\/\/schema.org\",\"@graph\":[{\"@type\":\"WebPage\",\"@id\":\"https:\/\/www.a-zpaperwork.eu\/es\/\",\"url\":\"https:\/\/www.a-zpaperwork.eu\/es\/\",\"name\":\"A-Z Paperwork | Asesor\u00eda en Alicante | Fiscal e Internacional\",\"isPartOf\":{\"@id\":\"https:\/\/www.a-zpaperwork.eu\/#website\"},\"datePublished\":\"2016-11-06T15:59:14+00:00\",\"dateModified\":\"2023-04-01T16:51:53+00:00\",\"description\":\"Nos encargamos de todo tu papeleo para que tu puedas dedicarte a lo que mas te importa. Asesor\u00eda en Alicante. Fiscal e Internacional.\",\"breadcrumb\":{\"@id\":\"https:\/\/www.a-zpaperwork.eu\/es\/#breadcrumb\"},\"inLanguage\":\"es\",\"potentialAction\":[{\"@type\":\"ReadAction\",\"target\":[\"https:\/\/www.a-zpaperwork.eu\/es\/\"]}]},{\"@type\":\"BreadcrumbList\",\"@id\":\"https:\/\/www.a-zpaperwork.eu\/es\/#breadcrumb\",\"itemListElement\":[{\"@type\":\"ListItem\",\"position\":1,\"name\":\"Home\",\"item\":\"https:\/\/www.a-zpaperwork.eu\/es\/\"},{\"@type\":\"ListItem\",\"position\":2,\"name\":\"Inicio\"}]},{\"@type\":\"WebSite\",\"@id\":\"https:\/\/www.a-zpaperwork.eu\/#website\",\"url\":\"https:\/\/www.a-zpaperwork.eu\/\",\"name\":\"A-Z Paperwork\",\"description\":\"Asesores | Advisors | Alicante\",\"potentialAction\":[{\"@type\":\"SearchAction\",\"target\":{\"@type\":\"EntryPoint\",\"urlTemplate\":\"https:\/\/www.a-zpaperwork.eu\/?s={search_term_string}\"},\"query-input\":\"required name=search_term_string\"}],\"inLanguage\":\"es\"}]}<\/script>\n<!-- \/ Yoast SEO plugin. -->","yoast_head_json":{"title":"A-Z Paperwork | Asesor\u00eda en Alicante | Fiscal e Internacional","description":"Nos encargamos de todo tu papeleo para que tu puedas dedicarte a lo que mas te importa. Asesor\u00eda en Alicante. Fiscal e Internacional.","robots":{"index":"index","follow":"follow","max-snippet":"max-snippet:-1","max-image-preview":"max-image-preview:large","max-video-preview":"max-video-preview:-1"},"canonical":"https:\/\/www.a-zpaperwork.eu\/es\/","og_locale":"es_ES","og_type":"article","og_title":"A-Z Paperwork | Asesor\u00eda en Alicante | Fiscal e Internacional","og_description":"Nos encargamos de todo tu papeleo para que tu puedas dedicarte a lo que mas te importa. Asesor\u00eda en Alicante. Fiscal e Internacional.","og_url":"https:\/\/www.a-zpaperwork.eu\/es\/","og_site_name":"A-Z Paperwork","article_modified_time":"2023-04-01T16:51:53+00:00","og_image":[{"url":"http:\/\/www.a-zpaperwork.eu\/wp-content\/uploads\/2016\/11\/tramites-compraventa-vivienda-azpaperwork.jpg"}],"twitter_card":"summary_large_image","schema":{"@context":"https:\/\/schema.org","@graph":[{"@type":"WebPage","@id":"https:\/\/www.a-zpaperwork.eu\/es\/","url":"https:\/\/www.a-zpaperwork.eu\/es\/","name":"A-Z Paperwork | Asesor\u00eda en Alicante | Fiscal e Internacional","isPartOf":{"@id":"https:\/\/www.a-zpaperwork.eu\/#website"},"datePublished":"2016-11-06T15:59:14+00:00","dateModified":"2023-04-01T16:51:53+00:00","description":"Nos encargamos de todo tu papeleo para que tu puedas dedicarte a lo que mas te importa. Asesor\u00eda en Alicante. Fiscal e Internacional.","breadcrumb":{"@id":"https:\/\/www.a-zpaperwork.eu\/es\/#breadcrumb"},"inLanguage":"es","potentialAction":[{"@type":"ReadAction","target":["https:\/\/www.a-zpaperwork.eu\/es\/"]}]},{"@type":"BreadcrumbList","@id":"https:\/\/www.a-zpaperwork.eu\/es\/#breadcrumb","itemListElement":[{"@type":"ListItem","position":1,"name":"Home","item":"https:\/\/www.a-zpaperwork.eu\/es\/"},{"@type":"ListItem","position":2,"name":"Inicio"}]},{"@type":"WebSite","@id":"https:\/\/www.a-zpaperwork.eu\/#website","url":"https:\/\/www.a-zpaperwork.eu\/","name":"A-Z Paperwork","description":"Asesores | Advisors | Alicante","potentialAction":[{"@type":"SearchAction","target":{"@type":"EntryPoint","urlTemplate":"https:\/\/www.a-zpaperwork.eu\/?s={search_term_string}"},"query-input":"required name=search_term_string"}],"inLanguage":"es"}]}},"_links":{"self":[{"href":"https:\/\/www.a-zpaperwork.eu\/es\/wp-json\/wp\/v2\/pages\/66","targetHints":{"allow":["GET"]}}],"collection":[{"href":"https:\/\/www.a-zpaperwork.eu\/es\/wp-json\/wp\/v2\/pages"}],"about":[{"href":"https:\/\/www.a-zpaperwork.eu\/es\/wp-json\/wp\/v2\/types\/page"}],"author":[{"embeddable":true,"href":"https:\/\/www.a-zpaperwork.eu\/es\/wp-json\/wp\/v2\/users\/2"}],"replies":[{"embeddable":true,"href":"https:\/\/www.a-zpaperwork.eu\/es\/wp-json\/wp\/v2\/comments?post=66"}],"version-history":[{"count":37,"href":"https:\/\/www.a-zpaperwork.eu\/es\/wp-json\/wp\/v2\/pages\/66\/revisions"}],"predecessor-version":[{"id":688,"href":"https:\/\/www.a-zpaperwork.eu\/es\/wp-json\/wp\/v2\/pages\/66\/revisions\/688"}],"wp:attachment":[{"href":"https:\/\/www.a-zpaperwork.eu\/es\/wp-json\/wp\/v2\/media?parent=66"}],"curies":[{"name":"wp","href":"https:\/\/api.w.org\/{rel}","templated":true}]}}